{"id":25884,"date":"2023-10-31T10:42:01","date_gmt":"2023-10-31T10:42:01","guid":{"rendered":"https:\/\/tattini.dotstage.net\/?post_type=product&#038;p=25884"},"modified":"2024-02-02T16:36:11","modified_gmt":"2024-02-02T16:36:11","slug":"bottes-tattini-breton-mollet-xxs","status":"publish","type":"product","link":"https:\/\/tattini.dotstage.net\/fr\/produit\/bottes-tattini-breton-mollet-xxs\/","title":{"rendered":"Bottes Tattini breton (mollet xxs)"},"content":{"rendered":"","protected":false},"excerpt":{"rendered":"<p>R\u00e9alis\u00e9es en mat\u00e9riaux de tr\u00e8s haute qualit\u00e9, tel que le cuir vachette grain\u00e9e et fermeture \u00e9claire \u00e0 l\u2019arri\u00e8re YKK, pourvues de bande \u00e9lastique post\u00e9rieure qui offre confort parfait et le maximum d\u2019adh\u00e9rence \u00e0 tous mollets, ce qui les rend comme des bottes sur mesure.Elles sont exceptionnellement confortables gr\u00e2ce \u00e0 la semelle en pure caoutchouc de premi\u00e8re qualit\u00e9 et au talon pourvu de syst\u00e8me anti-choc, ce qui r\u00e9duit la fatigue du pied.Elles sont caract\u00e9ris\u00e9es par l\u2019exclusif syst\u00e8me de ventilation \u00abAir Boost\u00bb, le premier syst\u00e8me de ventilation appliqu\u00e9 \u00e0 des chaussures d\u2019\u00e9quitation.En plus de la fermeture \u00e9claire \u00e0 l&rsquo;arri\u00e8re, elles sont pourvues de lacets \u00e9lastiques \u00e0 l&rsquo;avant r\u00e9glables et d&rsquo;une couture d\u00e9corative sur la pointe. En 5 tailles de mollet. Mollet XXS, du 41 au 46: sur commande<\/p>\n","protected":false},"featured_media":16696,"template":"","meta":[],"product_cat":[858,828],"product_tag":[],"_links":{"self":[{"href":"https:\/\/tattini.dotstage.net\/fr\/wp-json\/wp\/v2\/product\/25884"}],"collection":[{"href":"https:\/\/tattini.dotstage.net\/fr\/wp-json\/wp\/v2\/product"}],"about":[{"href":"https:\/\/tattini.dotstage.net\/fr\/wp-json\/wp\/v2\/types\/product"}],"version-history":[{"count":0,"href":"https:\/\/tattini.dotstage.net\/fr\/wp-json\/wp\/v2\/product\/25884\/revisions"}],"wp:featuredmedia":[{"embeddable":true,"href":"https:\/\/tattini.dotstage.net\/fr\/wp-json\/wp\/v2\/media\/16696"}],"wp:attachment":[{"href":"https:\/\/tattini.dotstage.net\/fr\/wp-json\/wp\/v2\/media?parent=25884"}],"wp:term":[{"taxonomy":"product_cat","embeddable":true,"href":"https:\/\/tattini.dotstage.net\/fr\/wp-json\/wp\/v2\/product_cat?post=25884"},{"taxonomy":"product_tag","embeddable":true,"href":"https:\/\/tattini.dotstage.net\/fr\/wp-json\/wp\/v2\/product_tag?post=25884"}],"curies":[{"name":"wp","href":"https:\/\/api.w.org\/{rel}","templated":true}]}}