{"id":25864,"date":"2023-10-31T10:41:39","date_gmt":"2023-10-31T10:41:39","guid":{"rendered":"https:\/\/tattini.dotstage.net\/prodotto\/maillot-de-competition-pour-femmes-tattini-avec-noeud-amovible\/"},"modified":"2024-02-02T16:36:42","modified_gmt":"2024-02-02T16:36:42","slug":"maillot-de-concours-femme-avec-noeud-detachable","status":"publish","type":"product","link":"https:\/\/tattini.dotstage.net\/fr\/produit\/maillot-de-concours-femme-avec-noeud-detachable\/","title":{"rendered":"Maillot de concours femme avec noeud detachable"},"content":{"rendered":"","protected":false},"excerpt":{"rendered":"<p>Maillot de concours en tissu technique \u00e9lastique de piquet (80% nylon, 20% Spandex), avec ruches en grosgrain sur le col montant et sur le rabat \u00e0 boutons. Enrichi par un noeud en gros-grain d\u00e9tachable par une broche; broderie Tattini sur la manche.<\/p>\n","protected":false},"featured_media":16594,"template":"","meta":[],"product_cat":[780,771],"product_tag":[],"_links":{"self":[{"href":"https:\/\/tattini.dotstage.net\/fr\/wp-json\/wp\/v2\/product\/25864"}],"collection":[{"href":"https:\/\/tattini.dotstage.net\/fr\/wp-json\/wp\/v2\/product"}],"about":[{"href":"https:\/\/tattini.dotstage.net\/fr\/wp-json\/wp\/v2\/types\/product"}],"version-history":[{"count":0,"href":"https:\/\/tattini.dotstage.net\/fr\/wp-json\/wp\/v2\/product\/25864\/revisions"}],"wp:featuredmedia":[{"embeddable":true,"href":"https:\/\/tattini.dotstage.net\/fr\/wp-json\/wp\/v2\/media\/16594"}],"wp:attachment":[{"href":"https:\/\/tattini.dotstage.net\/fr\/wp-json\/wp\/v2\/media?parent=25864"}],"wp:term":[{"taxonomy":"product_cat","embeddable":true,"href":"https:\/\/tattini.dotstage.net\/fr\/wp-json\/wp\/v2\/product_cat?post=25864"},{"taxonomy":"product_tag","embeddable":true,"href":"https:\/\/tattini.dotstage.net\/fr\/wp-json\/wp\/v2\/product_tag?post=25864"}],"curies":[{"name":"wp","href":"https:\/\/api.w.org\/{rel}","templated":true}]}}