{"id":25816,"date":"2023-10-31T10:41:32","date_gmt":"2023-10-31T10:41:32","guid":{"rendered":"https:\/\/tattini.dotstage.net\/prodotto\/protege-bottes-hi-tech-de-tattini-l\/"},"modified":"2024-02-02T16:36:43","modified_gmt":"2024-02-02T16:36:43","slug":"cloches-tattini-hi-tech-l","status":"publish","type":"product","link":"https:\/\/tattini.dotstage.net\/fr\/produit\/cloches-tattini-hi-tech-l\/","title":{"rendered":"Cloches Tattini \u00ab\u00a0hi\u2013tech\u00a0\u00bb (L)"},"content":{"rendered":"","protected":false},"excerpt":{"rendered":"<p>En n\u00e9opr\u00e8ne de haute qualit\u00e9, elles assurent la meilleure protection possible au sabot et \u00e0 la couronne.<\/p>\n","protected":false},"featured_media":16561,"template":"","meta":[],"product_cat":[870,861],"product_tag":[],"_links":{"self":[{"href":"https:\/\/tattini.dotstage.net\/fr\/wp-json\/wp\/v2\/product\/25816"}],"collection":[{"href":"https:\/\/tattini.dotstage.net\/fr\/wp-json\/wp\/v2\/product"}],"about":[{"href":"https:\/\/tattini.dotstage.net\/fr\/wp-json\/wp\/v2\/types\/product"}],"version-history":[{"count":0,"href":"https:\/\/tattini.dotstage.net\/fr\/wp-json\/wp\/v2\/product\/25816\/revisions"}],"wp:featuredmedia":[{"embeddable":true,"href":"https:\/\/tattini.dotstage.net\/fr\/wp-json\/wp\/v2\/media\/16561"}],"wp:attachment":[{"href":"https:\/\/tattini.dotstage.net\/fr\/wp-json\/wp\/v2\/media?parent=25816"}],"wp:term":[{"taxonomy":"product_cat","embeddable":true,"href":"https:\/\/tattini.dotstage.net\/fr\/wp-json\/wp\/v2\/product_cat?post=25816"},{"taxonomy":"product_tag","embeddable":true,"href":"https:\/\/tattini.dotstage.net\/fr\/wp-json\/wp\/v2\/product_tag?post=25816"}],"curies":[{"name":"wp","href":"https:\/\/api.w.org\/{rel}","templated":true}]}}