{"id":25538,"date":"2023-10-31T10:43:08","date_gmt":"2023-10-31T10:43:08","guid":{"rendered":"https:\/\/tattini.dotstage.net\/prodotto\/casquette-tattini-a-large-visiere\/"},"modified":"2024-02-02T16:35:56","modified_gmt":"2024-02-02T16:35:56","slug":"casque-tattini-a-large-visiere","status":"publish","type":"product","link":"https:\/\/tattini.dotstage.net\/fr\/produit\/casque-tattini-a-large-visiere\/","title":{"rendered":"Casque Tattini \u00e0 large visi\u00e8re"},"content":{"rendered":"","protected":false},"excerpt":{"rendered":"<p>Casquette avec large visi\u00e8re et plaque centrale iris\u00e9e, profils polis, ventil\u00e9s et l\u00e9gers. Coque en ABS, r\u00e9sistante aux chocs, m\u00eame \u00e0 des temp\u00e9ratures extr\u00eames. Coque en EPS (polystyr\u00e8ne expans\u00e9) haute densit\u00e9 avec d&rsquo;excellentes propri\u00e9t\u00e9s d&rsquo;absorption des chocs, qui permet \u00e9galement une excellente circulation de l&rsquo;air en combinaison avec des zones de ventilation \u00e0 l&rsquo;avant, \u00e0 l&rsquo;arri\u00e8re et au centre. Rembourrage int\u00e9rieur en tissu absorbant l&rsquo;humidit\u00e9, amovible et lavable. Syst\u00e8me de r\u00e9glage avec molette arri\u00e8re mont\u00e9e sur un bandeau \u00e0 5 positions. Sangles de fixation en microfibre \u00e0 ouverture rapide, fixation arri\u00e8re \u00e0 4 points pour la protection du cou. Homologation CE VG1 Certification T\u042cV.<\/p>\n","protected":false},"featured_media":17005,"template":"","meta":[],"product_cat":[831,828],"product_tag":[],"_links":{"self":[{"href":"https:\/\/tattini.dotstage.net\/fr\/wp-json\/wp\/v2\/product\/25538"}],"collection":[{"href":"https:\/\/tattini.dotstage.net\/fr\/wp-json\/wp\/v2\/product"}],"about":[{"href":"https:\/\/tattini.dotstage.net\/fr\/wp-json\/wp\/v2\/types\/product"}],"version-history":[{"count":0,"href":"https:\/\/tattini.dotstage.net\/fr\/wp-json\/wp\/v2\/product\/25538\/revisions"}],"wp:featuredmedia":[{"embeddable":true,"href":"https:\/\/tattini.dotstage.net\/fr\/wp-json\/wp\/v2\/media\/17005"}],"wp:attachment":[{"href":"https:\/\/tattini.dotstage.net\/fr\/wp-json\/wp\/v2\/media?parent=25538"}],"wp:term":[{"taxonomy":"product_cat","embeddable":true,"href":"https:\/\/tattini.dotstage.net\/fr\/wp-json\/wp\/v2\/product_cat?post=25538"},{"taxonomy":"product_tag","embeddable":true,"href":"https:\/\/tattini.dotstage.net\/fr\/wp-json\/wp\/v2\/product_tag?post=25538"}],"curies":[{"name":"wp","href":"https:\/\/api.w.org\/{rel}","templated":true}]}}