{"id":25535,"date":"2023-10-31T10:41:38","date_gmt":"2023-10-31T10:41:38","guid":{"rendered":"https:\/\/tattini.dotstage.net\/prodotto\/maillot-de-competition-coupe-femme-tattini\/"},"modified":"2024-02-02T16:36:42","modified_gmt":"2024-02-02T16:36:42","slug":"maillot-de-concours-tattini-femme-avec-coupes","status":"publish","type":"product","link":"https:\/\/tattini.dotstage.net\/fr\/produit\/maillot-de-concours-tattini-femme-avec-coupes\/","title":{"rendered":"Maillot de concours Tattini femme avec coupes"},"content":{"rendered":"","protected":false},"excerpt":{"rendered":"<p>Maillot en tissu technique piqu\u00e9 \u00e9lastique 80% nylon, 20% \u00e9lasthanne. De ligne sportive avec des coupes mises en \u00e9vidence par des coutures plates, muni d\u2019une fermeture \u00e9clair avant et col montant avec fermeture asym\u00e9trique, broderie Tattini sur l\u2019\u00e9paule gauche.<\/p>\n","protected":false},"featured_media":16588,"template":"","meta":[],"product_cat":[780,771],"product_tag":[],"_links":{"self":[{"href":"https:\/\/tattini.dotstage.net\/fr\/wp-json\/wp\/v2\/product\/25535"}],"collection":[{"href":"https:\/\/tattini.dotstage.net\/fr\/wp-json\/wp\/v2\/product"}],"about":[{"href":"https:\/\/tattini.dotstage.net\/fr\/wp-json\/wp\/v2\/types\/product"}],"version-history":[{"count":0,"href":"https:\/\/tattini.dotstage.net\/fr\/wp-json\/wp\/v2\/product\/25535\/revisions"}],"wp:featuredmedia":[{"embeddable":true,"href":"https:\/\/tattini.dotstage.net\/fr\/wp-json\/wp\/v2\/media\/16588"}],"wp:attachment":[{"href":"https:\/\/tattini.dotstage.net\/fr\/wp-json\/wp\/v2\/media?parent=25535"}],"wp:term":[{"taxonomy":"product_cat","embeddable":true,"href":"https:\/\/tattini.dotstage.net\/fr\/wp-json\/wp\/v2\/product_cat?post=25535"},{"taxonomy":"product_tag","embeddable":true,"href":"https:\/\/tattini.dotstage.net\/fr\/wp-json\/wp\/v2\/product_tag?post=25535"}],"curies":[{"name":"wp","href":"https:\/\/api.w.org\/{rel}","templated":true}]}}