{"id":25402,"date":"2023-10-31T10:42:24","date_gmt":"2023-10-31T10:42:24","guid":{"rendered":"https:\/\/tattini.dotstage.net\/prodotto\/moules-a-bottes-gonflables-cm-45-x-11\/"},"modified":"2024-02-02T16:36:06","modified_gmt":"2024-02-02T16:36:06","slug":"gonflables-floques-tattini-45-x-11-cm","status":"publish","type":"product","link":"https:\/\/tattini.dotstage.net\/fr\/produit\/gonflables-floques-tattini-45-x-11-cm\/","title":{"rendered":"GONFLABLES FLOQUES TATTINI 45 X 11 CM"},"content":{"rendered":"","protected":false},"excerpt":{"rendered":"<p>En tissu technique en pvc patin\u00e9, pour maintenir la forme et \u00e9viter la formation de plis et de rides sur les tiges des bottes. Fournis par couple et d\u00e9gonfl\u00e9s, afin de r\u00e9duire le volume pendant le transport.  <\/p>\n","protected":false},"featured_media":16801,"template":"","meta":[],"product_cat":[858,828],"product_tag":[],"_links":{"self":[{"href":"https:\/\/tattini.dotstage.net\/fr\/wp-json\/wp\/v2\/product\/25402"}],"collection":[{"href":"https:\/\/tattini.dotstage.net\/fr\/wp-json\/wp\/v2\/product"}],"about":[{"href":"https:\/\/tattini.dotstage.net\/fr\/wp-json\/wp\/v2\/types\/product"}],"version-history":[{"count":0,"href":"https:\/\/tattini.dotstage.net\/fr\/wp-json\/wp\/v2\/product\/25402\/revisions"}],"wp:featuredmedia":[{"embeddable":true,"href":"https:\/\/tattini.dotstage.net\/fr\/wp-json\/wp\/v2\/media\/16801"}],"wp:attachment":[{"href":"https:\/\/tattini.dotstage.net\/fr\/wp-json\/wp\/v2\/media?parent=25402"}],"wp:term":[{"taxonomy":"product_cat","embeddable":true,"href":"https:\/\/tattini.dotstage.net\/fr\/wp-json\/wp\/v2\/product_cat?post=25402"},{"taxonomy":"product_tag","embeddable":true,"href":"https:\/\/tattini.dotstage.net\/fr\/wp-json\/wp\/v2\/product_tag?post=25402"}],"curies":[{"name":"wp","href":"https:\/\/api.w.org\/{rel}","templated":true}]}}