{"id":24811,"date":"2023-10-31T10:43:07","date_gmt":"2023-10-31T10:43:07","guid":{"rendered":"https:\/\/tattini.dotstage.net\/prodotto\/casquette-tattini-avec-revetement-caoutchoute-et-plaque-de-paillettes\/"},"modified":"2024-02-02T16:35:57","modified_gmt":"2024-02-02T16:35:57","slug":"casque-tattini-avec-revetement-caoutchoute-et-plaque-de-paillettes","status":"publish","type":"product","link":"https:\/\/tattini.dotstage.net\/fr\/produit\/casque-tattini-avec-revetement-caoutchoute-et-plaque-de-paillettes\/","title":{"rendered":"Casque Tattini avec rev\u00eatement caoutchout\u00e9 et plaque de paillettes"},"content":{"rendered":"","protected":false},"excerpt":{"rendered":"<p>Certification CE VG1, coque ABS avec rev\u00eatement caoutchout\u00e9, ventil\u00e9 et l\u00e9ger, trois rembourrages inclus avec diff\u00e9rentes \u00e9paisseurs pour s&rsquo;adapter \u00e0 toutes les tailles, sangles avec 6 points d&rsquo;attache pour plus de s\u00e9curit\u00e9.<\/p>\n","protected":false},"featured_media":16999,"template":"","meta":[],"product_cat":[831,828],"product_tag":[],"_links":{"self":[{"href":"https:\/\/tattini.dotstage.net\/fr\/wp-json\/wp\/v2\/product\/24811"}],"collection":[{"href":"https:\/\/tattini.dotstage.net\/fr\/wp-json\/wp\/v2\/product"}],"about":[{"href":"https:\/\/tattini.dotstage.net\/fr\/wp-json\/wp\/v2\/types\/product"}],"version-history":[{"count":0,"href":"https:\/\/tattini.dotstage.net\/fr\/wp-json\/wp\/v2\/product\/24811\/revisions"}],"wp:featuredmedia":[{"embeddable":true,"href":"https:\/\/tattini.dotstage.net\/fr\/wp-json\/wp\/v2\/media\/16999"}],"wp:attachment":[{"href":"https:\/\/tattini.dotstage.net\/fr\/wp-json\/wp\/v2\/media?parent=24811"}],"wp:term":[{"taxonomy":"product_cat","embeddable":true,"href":"https:\/\/tattini.dotstage.net\/fr\/wp-json\/wp\/v2\/product_cat?post=24811"},{"taxonomy":"product_tag","embeddable":true,"href":"https:\/\/tattini.dotstage.net\/fr\/wp-json\/wp\/v2\/product_tag?post=24811"}],"curies":[{"name":"wp","href":"https:\/\/api.w.org\/{rel}","templated":true}]}}