{"id":24771,"date":"2023-10-31T10:41:59","date_gmt":"2023-10-31T10:41:59","guid":{"rendered":"https:\/\/tattini.dotstage.net\/prodotto\/bottes-tattini-beagle\/"},"modified":"2024-02-02T16:36:12","modified_gmt":"2024-02-02T16:36:12","slug":"boots-tattini-beagle","status":"publish","type":"product","link":"https:\/\/tattini.dotstage.net\/fr\/produit\/boots-tattini-beagle\/","title":{"rendered":"Boots Tattini Beagle"},"content":{"rendered":"","protected":false},"excerpt":{"rendered":"<p>En cuir vachette naturel avec lacets \u00e9lastiques ant\u00e9rieurs. Plaque m\u00e9tal Tattini.<\/p>\n","protected":false},"featured_media":16684,"template":"","meta":[],"product_cat":[855,828],"product_tag":[],"_links":{"self":[{"href":"https:\/\/tattini.dotstage.net\/fr\/wp-json\/wp\/v2\/product\/24771"}],"collection":[{"href":"https:\/\/tattini.dotstage.net\/fr\/wp-json\/wp\/v2\/product"}],"about":[{"href":"https:\/\/tattini.dotstage.net\/fr\/wp-json\/wp\/v2\/types\/product"}],"version-history":[{"count":0,"href":"https:\/\/tattini.dotstage.net\/fr\/wp-json\/wp\/v2\/product\/24771\/revisions"}],"wp:featuredmedia":[{"embeddable":true,"href":"https:\/\/tattini.dotstage.net\/fr\/wp-json\/wp\/v2\/media\/16684"}],"wp:attachment":[{"href":"https:\/\/tattini.dotstage.net\/fr\/wp-json\/wp\/v2\/media?parent=24771"}],"wp:term":[{"taxonomy":"product_cat","embeddable":true,"href":"https:\/\/tattini.dotstage.net\/fr\/wp-json\/wp\/v2\/product_cat?post=24771"},{"taxonomy":"product_tag","embeddable":true,"href":"https:\/\/tattini.dotstage.net\/fr\/wp-json\/wp\/v2\/product_tag?post=24771"}],"curies":[{"name":"wp","href":"https:\/\/api.w.org\/{rel}","templated":true}]}}