{"id":24753,"date":"2023-10-31T10:43:06","date_gmt":"2023-10-31T10:43:06","guid":{"rendered":"https:\/\/tattini.dotstage.net\/prodotto\/nouveau-casque-daslo-brillant\/"},"modified":"2024-02-02T16:35:57","modified_gmt":"2024-02-02T16:35:57","slug":"nouveau-casque-daslo-brillant","status":"publish","type":"product","link":"https:\/\/tattini.dotstage.net\/fr\/produit\/nouveau-casque-daslo-brillant\/","title":{"rendered":"Nouveau casque Dasl\u00f6 brillant"},"content":{"rendered":"","protected":false},"excerpt":{"rendered":"<p>&#8211; Homologu\u00e9 CE VG1 &#8211; Nouvelle ligne \u00e9troite et non volumineuse &#8211; Multi-fentes de a\u00e9ration avec doublure en r\u00e9sille &#8211; Coque ABS super-l\u00e9ger &#8211; Petite roue \u00e0 l\u2019arri\u00e8re pour le r\u00e9glage de la taille &#8211; Doublure int\u00e9rieure rembourr\u00e9e, amovible et lavable &#8211; Syst\u00e8me de blocage avec courroies et boucles \u00e0 d\u00e9clenchement rapide &#8211; Pourvu de housse en tissuTaille: S (51-54) &#8211; M (55-58) &#8211; L (59-61)<\/p>\n","protected":false},"featured_media":16996,"template":"","meta":[],"product_cat":[831,828],"product_tag":[],"_links":{"self":[{"href":"https:\/\/tattini.dotstage.net\/fr\/wp-json\/wp\/v2\/product\/24753"}],"collection":[{"href":"https:\/\/tattini.dotstage.net\/fr\/wp-json\/wp\/v2\/product"}],"about":[{"href":"https:\/\/tattini.dotstage.net\/fr\/wp-json\/wp\/v2\/types\/product"}],"version-history":[{"count":0,"href":"https:\/\/tattini.dotstage.net\/fr\/wp-json\/wp\/v2\/product\/24753\/revisions"}],"wp:featuredmedia":[{"embeddable":true,"href":"https:\/\/tattini.dotstage.net\/fr\/wp-json\/wp\/v2\/media\/16996"}],"wp:attachment":[{"href":"https:\/\/tattini.dotstage.net\/fr\/wp-json\/wp\/v2\/media?parent=24753"}],"wp:term":[{"taxonomy":"product_cat","embeddable":true,"href":"https:\/\/tattini.dotstage.net\/fr\/wp-json\/wp\/v2\/product_cat?post=24753"},{"taxonomy":"product_tag","embeddable":true,"href":"https:\/\/tattini.dotstage.net\/fr\/wp-json\/wp\/v2\/product_tag?post=24753"}],"curies":[{"name":"wp","href":"https:\/\/api.w.org\/{rel}","templated":true}]}}