{"id":24694,"date":"2023-10-31T10:43:33","date_gmt":"2023-10-31T10:43:33","guid":{"rendered":"https:\/\/tattini.dotstage.net\/prodotto\/encart-3\/"},"modified":"2024-02-02T16:35:28","modified_gmt":"2024-02-02T16:35:28","slug":"cure-pied-2","status":"publish","type":"product","link":"https:\/\/tattini.dotstage.net\/fr\/produit\/cure-pied-2\/","title":{"rendered":"Cure-pied"},"content":{"rendered":"","protected":false},"excerpt":{"rendered":"<p>\u00c0 poign\u00e9e ergonomique antid\u00e9rapante.<\/p>\n","protected":false},"featured_media":17161,"template":"","meta":[],"product_cat":[816,810],"product_tag":[],"_links":{"self":[{"href":"https:\/\/tattini.dotstage.net\/fr\/wp-json\/wp\/v2\/product\/24694"}],"collection":[{"href":"https:\/\/tattini.dotstage.net\/fr\/wp-json\/wp\/v2\/product"}],"about":[{"href":"https:\/\/tattini.dotstage.net\/fr\/wp-json\/wp\/v2\/types\/product"}],"version-history":[{"count":0,"href":"https:\/\/tattini.dotstage.net\/fr\/wp-json\/wp\/v2\/product\/24694\/revisions"}],"wp:featuredmedia":[{"embeddable":true,"href":"https:\/\/tattini.dotstage.net\/fr\/wp-json\/wp\/v2\/media\/17161"}],"wp:attachment":[{"href":"https:\/\/tattini.dotstage.net\/fr\/wp-json\/wp\/v2\/media?parent=24694"}],"wp:term":[{"taxonomy":"product_cat","embeddable":true,"href":"https:\/\/tattini.dotstage.net\/fr\/wp-json\/wp\/v2\/product_cat?post=24694"},{"taxonomy":"product_tag","embeddable":true,"href":"https:\/\/tattini.dotstage.net\/fr\/wp-json\/wp\/v2\/product_tag?post=24694"}],"curies":[{"name":"wp","href":"https:\/\/api.w.org\/{rel}","templated":true}]}}