{"id":24673,"date":"2023-10-31T10:43:16","date_gmt":"2023-10-31T10:43:16","guid":{"rendered":"https:\/\/tattini.dotstage.net\/prodotto\/peigne-6\/"},"modified":"2024-02-02T16:35:55","modified_gmt":"2024-02-02T16:35:55","slug":"peigne-6","status":"publish","type":"product","link":"https:\/\/tattini.dotstage.net\/fr\/produit\/peigne-6\/","title":{"rendered":"Peigne"},"content":{"rendered":"","protected":false},"excerpt":{"rendered":"<p>Peigne \u00e0 crini\u00e8re en aluminium avec t\u00eate de cheval.<\/p>\n","protected":false},"featured_media":17053,"template":"","meta":[],"product_cat":[822,810],"product_tag":[],"_links":{"self":[{"href":"https:\/\/tattini.dotstage.net\/fr\/wp-json\/wp\/v2\/product\/24673"}],"collection":[{"href":"https:\/\/tattini.dotstage.net\/fr\/wp-json\/wp\/v2\/product"}],"about":[{"href":"https:\/\/tattini.dotstage.net\/fr\/wp-json\/wp\/v2\/types\/product"}],"version-history":[{"count":0,"href":"https:\/\/tattini.dotstage.net\/fr\/wp-json\/wp\/v2\/product\/24673\/revisions"}],"wp:featuredmedia":[{"embeddable":true,"href":"https:\/\/tattini.dotstage.net\/fr\/wp-json\/wp\/v2\/media\/17053"}],"wp:attachment":[{"href":"https:\/\/tattini.dotstage.net\/fr\/wp-json\/wp\/v2\/media?parent=24673"}],"wp:term":[{"taxonomy":"product_cat","embeddable":true,"href":"https:\/\/tattini.dotstage.net\/fr\/wp-json\/wp\/v2\/product_cat?post=24673"},{"taxonomy":"product_tag","embeddable":true,"href":"https:\/\/tattini.dotstage.net\/fr\/wp-json\/wp\/v2\/product_tag?post=24673"}],"curies":[{"name":"wp","href":"https:\/\/api.w.org\/{rel}","templated":true}]}}