{"id":24543,"date":"2023-10-31T10:43:38","date_gmt":"2023-10-31T10:43:38","guid":{"rendered":"https:\/\/tattini.dotstage.net\/prodotto\/lotion-defence-one-pearson-ml-700\/"},"modified":"2024-02-02T16:35:28","modified_gmt":"2024-02-02T16:35:28","slug":"defence-one-lotion-pearson-ml-700","status":"publish","type":"product","link":"https:\/\/tattini.dotstage.net\/fr\/produit\/defence-one-lotion-pearson-ml-700\/","title":{"rendered":"Defence One lotion Pearson ml. 700"},"content":{"rendered":"","protected":false},"excerpt":{"rendered":"<p>Lotion protectrice. Bouclier de protection totale du cheval. Pr\u00eat \u00e0 l&#8217;emploi. Contient: huile de neem, ac\u00e9tate. <\/p>\n","protected":false},"featured_media":17182,"template":"","meta":[],"product_cat":[819,810],"product_tag":[],"_links":{"self":[{"href":"https:\/\/tattini.dotstage.net\/fr\/wp-json\/wp\/v2\/product\/24543"}],"collection":[{"href":"https:\/\/tattini.dotstage.net\/fr\/wp-json\/wp\/v2\/product"}],"about":[{"href":"https:\/\/tattini.dotstage.net\/fr\/wp-json\/wp\/v2\/types\/product"}],"version-history":[{"count":0,"href":"https:\/\/tattini.dotstage.net\/fr\/wp-json\/wp\/v2\/product\/24543\/revisions"}],"wp:featuredmedia":[{"embeddable":true,"href":"https:\/\/tattini.dotstage.net\/fr\/wp-json\/wp\/v2\/media\/17182"}],"wp:attachment":[{"href":"https:\/\/tattini.dotstage.net\/fr\/wp-json\/wp\/v2\/media?parent=24543"}],"wp:term":[{"taxonomy":"product_cat","embeddable":true,"href":"https:\/\/tattini.dotstage.net\/fr\/wp-json\/wp\/v2\/product_cat?post=24543"},{"taxonomy":"product_tag","embeddable":true,"href":"https:\/\/tattini.dotstage.net\/fr\/wp-json\/wp\/v2\/product_tag?post=24543"}],"curies":[{"name":"wp","href":"https:\/\/api.w.org\/{rel}","templated":true}]}}