{"id":24539,"date":"2023-10-31T10:43:30","date_gmt":"2023-10-31T10:43:30","guid":{"rendered":"https:\/\/tattini.dotstage.net\/prodotto\/kit\/"},"modified":"2024-02-02T16:35:29","modified_gmt":"2024-02-02T16:35:29","slug":"kit-de-pansage","status":"publish","type":"product","link":"https:\/\/tattini.dotstage.net\/fr\/produit\/kit-de-pansage\/","title":{"rendered":"Kit de pansage"},"content":{"rendered":"","protected":false},"excerpt":{"rendered":"<p>Pour enfants avec les outils pour le pansage du cheval, dans un petit sac \u00e0 fermeture glissi\u00e8re et bandouli\u00e8re comprenant: peigne, cure-pied, pinceau, \u00e9trille en plastique et caoutchouc, brosse et bouchon.<\/p>\n","protected":false},"featured_media":17140,"template":"","meta":[],"product_cat":[822,810],"product_tag":[],"_links":{"self":[{"href":"https:\/\/tattini.dotstage.net\/fr\/wp-json\/wp\/v2\/product\/24539"}],"collection":[{"href":"https:\/\/tattini.dotstage.net\/fr\/wp-json\/wp\/v2\/product"}],"about":[{"href":"https:\/\/tattini.dotstage.net\/fr\/wp-json\/wp\/v2\/types\/product"}],"version-history":[{"count":0,"href":"https:\/\/tattini.dotstage.net\/fr\/wp-json\/wp\/v2\/product\/24539\/revisions"}],"wp:featuredmedia":[{"embeddable":true,"href":"https:\/\/tattini.dotstage.net\/fr\/wp-json\/wp\/v2\/media\/17140"}],"wp:attachment":[{"href":"https:\/\/tattini.dotstage.net\/fr\/wp-json\/wp\/v2\/media?parent=24539"}],"wp:term":[{"taxonomy":"product_cat","embeddable":true,"href":"https:\/\/tattini.dotstage.net\/fr\/wp-json\/wp\/v2\/product_cat?post=24539"},{"taxonomy":"product_tag","embeddable":true,"href":"https:\/\/tattini.dotstage.net\/fr\/wp-json\/wp\/v2\/product_tag?post=24539"}],"curies":[{"name":"wp","href":"https:\/\/api.w.org\/{rel}","templated":true}]}}