{"id":24529,"date":"2023-10-31T10:43:41","date_gmt":"2023-10-31T10:43:41","guid":{"rendered":"https:\/\/tattini.dotstage.net\/prodotto\/hydrospeed-pearson-lotion-dhydroevaporation-ml-700\/"},"modified":"2024-02-02T16:35:27","modified_gmt":"2024-02-02T16:35:27","slug":"hydrospeed-pearson-lotion-hydroevaporant-ml-700","status":"publish","type":"product","link":"https:\/\/tattini.dotstage.net\/fr\/produit\/hydrospeed-pearson-lotion-hydroevaporant-ml-700\/","title":{"rendered":"Hydrospeed Pearson lotion hydro\u00e9vaporant ml. 700"},"content":{"rendered":"","protected":false},"excerpt":{"rendered":"<p>Lotion enti\u00e8rement alcoolis\u00e9e pour faciliter l\u2019\u00e9vaporation de la sueur du cheval<\/p>\n","protected":false},"featured_media":17203,"template":"","meta":[],"product_cat":[819,810],"product_tag":[],"_links":{"self":[{"href":"https:\/\/tattini.dotstage.net\/fr\/wp-json\/wp\/v2\/product\/24529"}],"collection":[{"href":"https:\/\/tattini.dotstage.net\/fr\/wp-json\/wp\/v2\/product"}],"about":[{"href":"https:\/\/tattini.dotstage.net\/fr\/wp-json\/wp\/v2\/types\/product"}],"version-history":[{"count":0,"href":"https:\/\/tattini.dotstage.net\/fr\/wp-json\/wp\/v2\/product\/24529\/revisions"}],"wp:featuredmedia":[{"embeddable":true,"href":"https:\/\/tattini.dotstage.net\/fr\/wp-json\/wp\/v2\/media\/17203"}],"wp:attachment":[{"href":"https:\/\/tattini.dotstage.net\/fr\/wp-json\/wp\/v2\/media?parent=24529"}],"wp:term":[{"taxonomy":"product_cat","embeddable":true,"href":"https:\/\/tattini.dotstage.net\/fr\/wp-json\/wp\/v2\/product_cat?post=24529"},{"taxonomy":"product_tag","embeddable":true,"href":"https:\/\/tattini.dotstage.net\/fr\/wp-json\/wp\/v2\/product_tag?post=24529"}],"curies":[{"name":"wp","href":"https:\/\/api.w.org\/{rel}","templated":true}]}}