{"id":24496,"date":"2023-10-31T10:43:09","date_gmt":"2023-10-31T10:43:09","guid":{"rendered":"https:\/\/tattini.dotstage.net\/prodotto\/bonnet-de-cygne-de-la-fille-tattini\/"},"modified":"2024-02-02T16:35:56","modified_gmt":"2024-02-02T16:35:56","slug":"casquette-cigno-fille","status":"publish","type":"product","link":"https:\/\/tattini.dotstage.net\/fr\/produit\/casquette-cigno-fille\/","title":{"rendered":"Casquette \u00ab\u00a0cigno\u00a0\u00bb fille"},"content":{"rendered":"","protected":false},"excerpt":{"rendered":"<p>En coton 100% avec impression \u00e0 pois. D\u00e9cor\u00e9e avec le petit cheval \u2018\u2019Tattini\u2019\u2019. R\u00e9glage post\u00e9rieur par velcro<\/p>\n","protected":false},"featured_media":17011,"template":"","meta":[],"product_cat":[831,828],"product_tag":[],"_links":{"self":[{"href":"https:\/\/tattini.dotstage.net\/fr\/wp-json\/wp\/v2\/product\/24496"}],"collection":[{"href":"https:\/\/tattini.dotstage.net\/fr\/wp-json\/wp\/v2\/product"}],"about":[{"href":"https:\/\/tattini.dotstage.net\/fr\/wp-json\/wp\/v2\/types\/product"}],"version-history":[{"count":0,"href":"https:\/\/tattini.dotstage.net\/fr\/wp-json\/wp\/v2\/product\/24496\/revisions"}],"wp:featuredmedia":[{"embeddable":true,"href":"https:\/\/tattini.dotstage.net\/fr\/wp-json\/wp\/v2\/media\/17011"}],"wp:attachment":[{"href":"https:\/\/tattini.dotstage.net\/fr\/wp-json\/wp\/v2\/media?parent=24496"}],"wp:term":[{"taxonomy":"product_cat","embeddable":true,"href":"https:\/\/tattini.dotstage.net\/fr\/wp-json\/wp\/v2\/product_cat?post=24496"},{"taxonomy":"product_tag","embeddable":true,"href":"https:\/\/tattini.dotstage.net\/fr\/wp-json\/wp\/v2\/product_tag?post=24496"}],"curies":[{"name":"wp","href":"https:\/\/api.w.org\/{rel}","templated":true}]}}