{"id":24472,"date":"2023-10-31T10:43:55","date_gmt":"2023-10-31T10:43:55","guid":{"rendered":"https:\/\/tattini.dotstage.net\/prodotto\/iodogel-adf-pour-sabots-de-pearson-ml-1000\/"},"modified":"2024-02-02T16:35:25","modified_gmt":"2024-02-02T16:35:25","slug":"iodogel-adf-pour-sabots-de-pearson-ml-1000","status":"publish","type":"product","link":"https:\/\/tattini.dotstage.net\/fr\/produit\/iodogel-adf-pour-sabots-de-pearson-ml-1000\/","title":{"rendered":"Iodogel ADF pour sabots de Pearson ml. 1000"},"content":{"rendered":"","protected":false},"excerpt":{"rendered":"<p>La graisse pour sabots rouges de haute qualit\u00e9 \u00e0\u00a0 base d&rsquo;huile de foie de morue pure et d&rsquo;iodure fortifie et r\u00e9g\u00e9n\u00e8re en toute saison.<\/p>\n","protected":false},"featured_media":17284,"template":"","meta":[],"product_cat":[819,810],"product_tag":[],"_links":{"self":[{"href":"https:\/\/tattini.dotstage.net\/fr\/wp-json\/wp\/v2\/product\/24472"}],"collection":[{"href":"https:\/\/tattini.dotstage.net\/fr\/wp-json\/wp\/v2\/product"}],"about":[{"href":"https:\/\/tattini.dotstage.net\/fr\/wp-json\/wp\/v2\/types\/product"}],"version-history":[{"count":0,"href":"https:\/\/tattini.dotstage.net\/fr\/wp-json\/wp\/v2\/product\/24472\/revisions"}],"wp:featuredmedia":[{"embeddable":true,"href":"https:\/\/tattini.dotstage.net\/fr\/wp-json\/wp\/v2\/media\/17284"}],"wp:attachment":[{"href":"https:\/\/tattini.dotstage.net\/fr\/wp-json\/wp\/v2\/media?parent=24472"}],"wp:term":[{"taxonomy":"product_cat","embeddable":true,"href":"https:\/\/tattini.dotstage.net\/fr\/wp-json\/wp\/v2\/product_cat?post=24472"},{"taxonomy":"product_tag","embeddable":true,"href":"https:\/\/tattini.dotstage.net\/fr\/wp-json\/wp\/v2\/product_tag?post=24472"}],"curies":[{"name":"wp","href":"https:\/\/api.w.org\/{rel}","templated":true}]}}