{"id":24031,"date":"2023-10-31T10:41:39","date_gmt":"2023-10-31T10:41:39","guid":{"rendered":"https:\/\/tattini.dotstage.net\/prodotto\/maillot-de-competition-a-manches-longues-pour-femmes-tattini\/"},"modified":"2024-02-02T16:36:42","modified_gmt":"2024-02-02T16:36:42","slug":"maillot-de-concours-tattini-femme-avec-manches-longues","status":"publish","type":"product","link":"https:\/\/tattini.dotstage.net\/fr\/produit\/maillot-de-concours-tattini-femme-avec-manches-longues\/","title":{"rendered":"Maillot de concours Tattini femme avec manches longues"},"content":{"rendered":"","protected":false},"excerpt":{"rendered":"<p>Maillot en tissu technique piqu\u00e9 \u00e9lastique 80% nylon, 20% \u00e9lasthanne. De ligne romantique, avec rabat \u00e0 boutons, col et poignets d\u00e9cor\u00e9s avec doublure \u00e0 rayures. Embelli par un profil contrast\u00e9 sur le rabat et les poignets et par des boutons joyaux. Col montant en coton avec fermeture asym\u00e9trique. Broderie Tattini sur le rabat et le poignet.<\/p>\n","protected":false},"featured_media":16591,"template":"","meta":[],"product_cat":[780,771],"product_tag":[],"_links":{"self":[{"href":"https:\/\/tattini.dotstage.net\/fr\/wp-json\/wp\/v2\/product\/24031"}],"collection":[{"href":"https:\/\/tattini.dotstage.net\/fr\/wp-json\/wp\/v2\/product"}],"about":[{"href":"https:\/\/tattini.dotstage.net\/fr\/wp-json\/wp\/v2\/types\/product"}],"version-history":[{"count":0,"href":"https:\/\/tattini.dotstage.net\/fr\/wp-json\/wp\/v2\/product\/24031\/revisions"}],"wp:featuredmedia":[{"embeddable":true,"href":"https:\/\/tattini.dotstage.net\/fr\/wp-json\/wp\/v2\/media\/16591"}],"wp:attachment":[{"href":"https:\/\/tattini.dotstage.net\/fr\/wp-json\/wp\/v2\/media?parent=24031"}],"wp:term":[{"taxonomy":"product_cat","embeddable":true,"href":"https:\/\/tattini.dotstage.net\/fr\/wp-json\/wp\/v2\/product_cat?post=24031"},{"taxonomy":"product_tag","embeddable":true,"href":"https:\/\/tattini.dotstage.net\/fr\/wp-json\/wp\/v2\/product_tag?post=24031"}],"curies":[{"name":"wp","href":"https:\/\/api.w.org\/{rel}","templated":true}]}}