{"id":23612,"date":"2023-10-31T10:41:40","date_gmt":"2023-10-31T10:41:40","guid":{"rendered":"https:\/\/tattini.dotstage.net\/prodotto\/maillot-de-competition-tattini-pour-fille-avec-volants-en-dentelle\/"},"modified":"2024-02-02T16:36:42","modified_gmt":"2024-02-02T16:36:42","slug":"maillot-de-concours-fille-avec-ruche-en-dentelle","status":"publish","type":"product","link":"https:\/\/tattini.dotstage.net\/fr\/produit\/maillot-de-concours-fille-avec-ruche-en-dentelle\/","title":{"rendered":"Maillot de concours fille avec ruche en dentelle"},"content":{"rendered":"","protected":false},"excerpt":{"rendered":"<p>Maillot de concours en tissu technique \u00e9lastique de piquet (80% nylon, 20% Spandex) avec rabat \u00e0 boutons finie par des ruches en dentelle et ruban ray\u00e9 au milieu, col montant en coton, broderie Tattini sur la manche.<\/p>\n","protected":false},"featured_media":16597,"template":"","meta":[],"product_cat":[780,771],"product_tag":[],"_links":{"self":[{"href":"https:\/\/tattini.dotstage.net\/fr\/wp-json\/wp\/v2\/product\/23612"}],"collection":[{"href":"https:\/\/tattini.dotstage.net\/fr\/wp-json\/wp\/v2\/product"}],"about":[{"href":"https:\/\/tattini.dotstage.net\/fr\/wp-json\/wp\/v2\/types\/product"}],"version-history":[{"count":0,"href":"https:\/\/tattini.dotstage.net\/fr\/wp-json\/wp\/v2\/product\/23612\/revisions"}],"wp:featuredmedia":[{"embeddable":true,"href":"https:\/\/tattini.dotstage.net\/fr\/wp-json\/wp\/v2\/media\/16597"}],"wp:attachment":[{"href":"https:\/\/tattini.dotstage.net\/fr\/wp-json\/wp\/v2\/media?parent=23612"}],"wp:term":[{"taxonomy":"product_cat","embeddable":true,"href":"https:\/\/tattini.dotstage.net\/fr\/wp-json\/wp\/v2\/product_cat?post=23612"},{"taxonomy":"product_tag","embeddable":true,"href":"https:\/\/tattini.dotstage.net\/fr\/wp-json\/wp\/v2\/product_tag?post=23612"}],"curies":[{"name":"wp","href":"https:\/\/api.w.org\/{rel}","templated":true}]}}