{"id":23443,"date":"2023-10-31T10:43:18","date_gmt":"2023-10-31T10:43:18","guid":{"rendered":"https:\/\/tattini.dotstage.net\/prodotto\/brosse-6\/"},"modified":"2024-02-02T16:35:31","modified_gmt":"2024-02-02T16:35:31","slug":"brosse-3","status":"publish","type":"product","link":"https:\/\/tattini.dotstage.net\/fr\/produit\/brosse-3\/","title":{"rendered":"Brosse"},"content":{"rendered":"","protected":false},"excerpt":{"rendered":"<p>En fibre synth\u00e9tique \u00e0 poign\u00e9e ergonomique.<\/p>\n","protected":false},"featured_media":17068,"template":"","meta":[],"product_cat":[822,810],"product_tag":[],"_links":{"self":[{"href":"https:\/\/tattini.dotstage.net\/fr\/wp-json\/wp\/v2\/product\/23443"}],"collection":[{"href":"https:\/\/tattini.dotstage.net\/fr\/wp-json\/wp\/v2\/product"}],"about":[{"href":"https:\/\/tattini.dotstage.net\/fr\/wp-json\/wp\/v2\/types\/product"}],"version-history":[{"count":0,"href":"https:\/\/tattini.dotstage.net\/fr\/wp-json\/wp\/v2\/product\/23443\/revisions"}],"wp:featuredmedia":[{"embeddable":true,"href":"https:\/\/tattini.dotstage.net\/fr\/wp-json\/wp\/v2\/media\/17068"}],"wp:attachment":[{"href":"https:\/\/tattini.dotstage.net\/fr\/wp-json\/wp\/v2\/media?parent=23443"}],"wp:term":[{"taxonomy":"product_cat","embeddable":true,"href":"https:\/\/tattini.dotstage.net\/fr\/wp-json\/wp\/v2\/product_cat?post=23443"},{"taxonomy":"product_tag","embeddable":true,"href":"https:\/\/tattini.dotstage.net\/fr\/wp-json\/wp\/v2\/product_tag?post=23443"}],"curies":[{"name":"wp","href":"https:\/\/api.w.org\/{rel}","templated":true}]}}