{"id":23241,"date":"2023-10-31T10:41:41","date_gmt":"2023-10-31T10:41:41","guid":{"rendered":"https:\/\/tattini.dotstage.net\/prodotto\/polo-de-competition-pour-hommes-tattini-2\/"},"modified":"2024-02-02T16:36:41","modified_gmt":"2024-02-02T16:36:41","slug":"polo-concours-homme-avec-boutons-en-contraste","status":"publish","type":"product","link":"https:\/\/tattini.dotstage.net\/fr\/produit\/polo-concours-homme-avec-boutons-en-contraste\/","title":{"rendered":"Polo concours homme avec boutons en contraste"},"content":{"rendered":"","protected":false},"excerpt":{"rendered":"<p>Polo button-down en tissu technique piquet \u00e9lastique (80% nylon, 20% Spandex), avec rabat \u00e0 boutons, poche et col finis par une \u00e9l\u00e9gante doublure ray\u00e9e, boutons bleus en contraste.<\/p>\n","protected":false},"featured_media":16600,"template":"","meta":[],"product_cat":[780,771],"product_tag":[],"_links":{"self":[{"href":"https:\/\/tattini.dotstage.net\/fr\/wp-json\/wp\/v2\/product\/23241"}],"collection":[{"href":"https:\/\/tattini.dotstage.net\/fr\/wp-json\/wp\/v2\/product"}],"about":[{"href":"https:\/\/tattini.dotstage.net\/fr\/wp-json\/wp\/v2\/types\/product"}],"version-history":[{"count":0,"href":"https:\/\/tattini.dotstage.net\/fr\/wp-json\/wp\/v2\/product\/23241\/revisions"}],"wp:featuredmedia":[{"embeddable":true,"href":"https:\/\/tattini.dotstage.net\/fr\/wp-json\/wp\/v2\/media\/16600"}],"wp:attachment":[{"href":"https:\/\/tattini.dotstage.net\/fr\/wp-json\/wp\/v2\/media?parent=23241"}],"wp:term":[{"taxonomy":"product_cat","embeddable":true,"href":"https:\/\/tattini.dotstage.net\/fr\/wp-json\/wp\/v2\/product_cat?post=23241"},{"taxonomy":"product_tag","embeddable":true,"href":"https:\/\/tattini.dotstage.net\/fr\/wp-json\/wp\/v2\/product_tag?post=23241"}],"curies":[{"name":"wp","href":"https:\/\/api.w.org\/{rel}","templated":true}]}}