{"id":23211,"date":"2023-10-31T10:41:42","date_gmt":"2023-10-31T10:41:42","guid":{"rendered":"https:\/\/tattini.dotstage.net\/prodotto\/maillot-a-manches-longues-avec-fermeture-eclair-pour-femmes-tattini\/"},"modified":"2024-02-02T16:36:41","modified_gmt":"2024-02-02T16:36:41","slug":"maillot-tattini-femme-manches-longues","status":"publish","type":"product","link":"https:\/\/tattini.dotstage.net\/fr\/produit\/maillot-tattini-femme-manches-longues\/","title":{"rendered":"MAILLOT TATTINI FEMME MANCHES LONGUES"},"content":{"rendered":"","protected":false},"excerpt":{"rendered":"<p>Polo en tissu piqu\u00e9 technique stretch 95% coton, 5% \u00e9lasthanne. Ligne sportive avec des coupes techniques sur les \u00e9paules et les c\u00f4t\u00e9s, pourvue de zip frontal, col mao avec rabat de protection pour la zip. Broderie Tattini sur la manche gauche<\/p>\n","protected":false},"featured_media":16606,"template":"","meta":[],"product_cat":[786,771],"product_tag":[],"_links":{"self":[{"href":"https:\/\/tattini.dotstage.net\/fr\/wp-json\/wp\/v2\/product\/23211"}],"collection":[{"href":"https:\/\/tattini.dotstage.net\/fr\/wp-json\/wp\/v2\/product"}],"about":[{"href":"https:\/\/tattini.dotstage.net\/fr\/wp-json\/wp\/v2\/types\/product"}],"version-history":[{"count":0,"href":"https:\/\/tattini.dotstage.net\/fr\/wp-json\/wp\/v2\/product\/23211\/revisions"}],"wp:featuredmedia":[{"embeddable":true,"href":"https:\/\/tattini.dotstage.net\/fr\/wp-json\/wp\/v2\/media\/16606"}],"wp:attachment":[{"href":"https:\/\/tattini.dotstage.net\/fr\/wp-json\/wp\/v2\/media?parent=23211"}],"wp:term":[{"taxonomy":"product_cat","embeddable":true,"href":"https:\/\/tattini.dotstage.net\/fr\/wp-json\/wp\/v2\/product_cat?post=23211"},{"taxonomy":"product_tag","embeddable":true,"href":"https:\/\/tattini.dotstage.net\/fr\/wp-json\/wp\/v2\/product_tag?post=23211"}],"curies":[{"name":"wp","href":"https:\/\/api.w.org\/{rel}","templated":true}]}}