{"id":23183,"date":"2023-10-31T10:42:43","date_gmt":"2023-10-31T10:42:43","guid":{"rendered":"https:\/\/tattini.dotstage.net\/prodotto\/tablier-de-marechal-ferrant\/"},"modified":"2024-02-02T16:36:01","modified_gmt":"2024-02-02T16:36:01","slug":"tablier-de-marechal-ferrant","status":"publish","type":"product","link":"https:\/\/tattini.dotstage.net\/fr\/produit\/tablier-de-marechal-ferrant\/","title":{"rendered":"Tablier de mar\u00e9chal-ferrant"},"content":{"rendered":"","protected":false},"excerpt":{"rendered":"<p>En cuir su\u00e9d\u00e9 renforc\u00e9 sur le devant, ajustable par sanglons.<\/p>\n","protected":false},"featured_media":16879,"template":"","meta":[],"product_cat":[816,810],"product_tag":[],"_links":{"self":[{"href":"https:\/\/tattini.dotstage.net\/fr\/wp-json\/wp\/v2\/product\/23183"}],"collection":[{"href":"https:\/\/tattini.dotstage.net\/fr\/wp-json\/wp\/v2\/product"}],"about":[{"href":"https:\/\/tattini.dotstage.net\/fr\/wp-json\/wp\/v2\/types\/product"}],"version-history":[{"count":0,"href":"https:\/\/tattini.dotstage.net\/fr\/wp-json\/wp\/v2\/product\/23183\/revisions"}],"wp:featuredmedia":[{"embeddable":true,"href":"https:\/\/tattini.dotstage.net\/fr\/wp-json\/wp\/v2\/media\/16879"}],"wp:attachment":[{"href":"https:\/\/tattini.dotstage.net\/fr\/wp-json\/wp\/v2\/media?parent=23183"}],"wp:term":[{"taxonomy":"product_cat","embeddable":true,"href":"https:\/\/tattini.dotstage.net\/fr\/wp-json\/wp\/v2\/product_cat?post=23183"},{"taxonomy":"product_tag","embeddable":true,"href":"https:\/\/tattini.dotstage.net\/fr\/wp-json\/wp\/v2\/product_tag?post=23183"}],"curies":[{"name":"wp","href":"https:\/\/api.w.org\/{rel}","templated":true}]}}