{"id":23172,"date":"2023-10-31T10:41:43","date_gmt":"2023-10-31T10:41:43","guid":{"rendered":"https:\/\/tattini.dotstage.net\/prodotto\/maillot-de-competition-pour-femmes-tattini-avec-tulle\/"},"modified":"2024-02-02T16:36:16","modified_gmt":"2024-02-02T16:36:16","slug":"maillot-de-competition-pour-femmes-tattini-avec-tulle","status":"publish","type":"product","link":"https:\/\/tattini.dotstage.net\/fr\/produit\/maillot-de-competition-pour-femmes-tattini-avec-tulle\/","title":{"rendered":"Maillot de concours femme Tattini avec tulle"},"content":{"rendered":"","protected":false},"excerpt":{"rendered":"<p>Maillot de concours romantique en jersey technique extensible, avec insertion de tulle sur la poitrine, les \u00e9paules et les manches, boutons orn\u00e9s de pierres pr\u00e9cieuses et marque en silicone Tattini sur le col.<\/p>\n","protected":false},"featured_media":16612,"template":"","meta":[],"product_cat":[780,771],"product_tag":[],"_links":{"self":[{"href":"https:\/\/tattini.dotstage.net\/fr\/wp-json\/wp\/v2\/product\/23172"}],"collection":[{"href":"https:\/\/tattini.dotstage.net\/fr\/wp-json\/wp\/v2\/product"}],"about":[{"href":"https:\/\/tattini.dotstage.net\/fr\/wp-json\/wp\/v2\/types\/product"}],"version-history":[{"count":0,"href":"https:\/\/tattini.dotstage.net\/fr\/wp-json\/wp\/v2\/product\/23172\/revisions"}],"wp:featuredmedia":[{"embeddable":true,"href":"https:\/\/tattini.dotstage.net\/fr\/wp-json\/wp\/v2\/media\/16612"}],"wp:attachment":[{"href":"https:\/\/tattini.dotstage.net\/fr\/wp-json\/wp\/v2\/media?parent=23172"}],"wp:term":[{"taxonomy":"product_cat","embeddable":true,"href":"https:\/\/tattini.dotstage.net\/fr\/wp-json\/wp\/v2\/product_cat?post=23172"},{"taxonomy":"product_tag","embeddable":true,"href":"https:\/\/tattini.dotstage.net\/fr\/wp-json\/wp\/v2\/product_tag?post=23172"}],"curies":[{"name":"wp","href":"https:\/\/api.w.org\/{rel}","templated":true}]}}