{"id":23102,"date":"2023-10-31T10:42:44","date_gmt":"2023-10-31T10:42:44","guid":{"rendered":"https:\/\/tattini.dotstage.net\/prodotto\/mallette-avec-crampons\/"},"modified":"2024-02-02T16:36:01","modified_gmt":"2024-02-02T16:36:01","slug":"mallette-a-crampons","status":"publish","type":"product","link":"https:\/\/tattini.dotstage.net\/fr\/produit\/mallette-a-crampons\/","title":{"rendered":"Mallette \u00e0 crampons"},"content":{"rendered":"","protected":false},"excerpt":{"rendered":"<p>Contenu: 16 rampons dont 8 obus (photo H) et 8 filit\u00e9s (photo M), cl\u00e9 6 pans, cl\u00e9 en T, cl\u00e9 pour crampons, bouchons en m\u00e9tal et en caoutchouc, brosse pour nettoyer les trous.<\/p>\n","protected":false},"featured_media":16888,"template":"","meta":[],"product_cat":[816,810],"product_tag":[],"_links":{"self":[{"href":"https:\/\/tattini.dotstage.net\/fr\/wp-json\/wp\/v2\/product\/23102"}],"collection":[{"href":"https:\/\/tattini.dotstage.net\/fr\/wp-json\/wp\/v2\/product"}],"about":[{"href":"https:\/\/tattini.dotstage.net\/fr\/wp-json\/wp\/v2\/types\/product"}],"version-history":[{"count":0,"href":"https:\/\/tattini.dotstage.net\/fr\/wp-json\/wp\/v2\/product\/23102\/revisions"}],"wp:featuredmedia":[{"embeddable":true,"href":"https:\/\/tattini.dotstage.net\/fr\/wp-json\/wp\/v2\/media\/16888"}],"wp:attachment":[{"href":"https:\/\/tattini.dotstage.net\/fr\/wp-json\/wp\/v2\/media?parent=23102"}],"wp:term":[{"taxonomy":"product_cat","embeddable":true,"href":"https:\/\/tattini.dotstage.net\/fr\/wp-json\/wp\/v2\/product_cat?post=23102"},{"taxonomy":"product_tag","embeddable":true,"href":"https:\/\/tattini.dotstage.net\/fr\/wp-json\/wp\/v2\/product_tag?post=23102"}],"curies":[{"name":"wp","href":"https:\/\/api.w.org\/{rel}","templated":true}]}}