{"id":23069,"date":"2023-10-31T10:42:44","date_gmt":"2023-10-31T10:42:44","guid":{"rendered":"https:\/\/tattini.dotstage.net\/prodotto\/rampone-5\/"},"modified":"2024-02-02T16:36:01","modified_gmt":"2024-02-02T16:36:01","slug":"crampons-filetes-28mm","status":"publish","type":"product","link":"https:\/\/tattini.dotstage.net\/fr\/produit\/crampons-filetes-28mm\/","title":{"rendered":"Crampons filet\u00e9s 28mm"},"content":{"rendered":"","protected":false},"excerpt":{"rendered":"<p>Carr\u00e9, filet\u00e9 28mm, pointe widia. Set de 10 pieces. Prix d&rsquo;achat \u00e0 l&rsquo;unit\u00e9, cde minimum 10 pieces<\/p>\n","protected":false},"featured_media":16885,"template":"","meta":[],"product_cat":[816,810],"product_tag":[],"_links":{"self":[{"href":"https:\/\/tattini.dotstage.net\/fr\/wp-json\/wp\/v2\/product\/23069"}],"collection":[{"href":"https:\/\/tattini.dotstage.net\/fr\/wp-json\/wp\/v2\/product"}],"about":[{"href":"https:\/\/tattini.dotstage.net\/fr\/wp-json\/wp\/v2\/types\/product"}],"version-history":[{"count":0,"href":"https:\/\/tattini.dotstage.net\/fr\/wp-json\/wp\/v2\/product\/23069\/revisions"}],"wp:featuredmedia":[{"embeddable":true,"href":"https:\/\/tattini.dotstage.net\/fr\/wp-json\/wp\/v2\/media\/16885"}],"wp:attachment":[{"href":"https:\/\/tattini.dotstage.net\/fr\/wp-json\/wp\/v2\/media?parent=23069"}],"wp:term":[{"taxonomy":"product_cat","embeddable":true,"href":"https:\/\/tattini.dotstage.net\/fr\/wp-json\/wp\/v2\/product_cat?post=23069"},{"taxonomy":"product_tag","embeddable":true,"href":"https:\/\/tattini.dotstage.net\/fr\/wp-json\/wp\/v2\/product_tag?post=23069"}],"curies":[{"name":"wp","href":"https:\/\/api.w.org\/{rel}","templated":true}]}}