{"id":23059,"date":"2023-10-31T10:41:44","date_gmt":"2023-10-31T10:41:44","guid":{"rendered":"https:\/\/tattini.dotstage.net\/prodotto\/veste-softshell-pour-femme-modele-diadema\/"},"modified":"2024-02-02T16:36:16","modified_gmt":"2024-02-02T16:36:16","slug":"veste-softshell-pour-femme-modele-diadema","status":"publish","type":"product","link":"https:\/\/tattini.dotstage.net\/fr\/produit\/veste-softshell-pour-femme-modele-diadema\/","title":{"rendered":"Veste Softshell pour femme mod\u00e8le Diadema"},"content":{"rendered":"","protected":false},"excerpt":{"rendered":"<p>Veste en tissu technique Softshell stretch, l\u00e9g\u00e8re et super confortable, parfaite pour les 4 saisons. D\u00e9coupes techniques sur la poitrine et les hanches, ouverture frontale avec zip \u00e0 double curseur, fentes arri\u00e8re avec zip, doubles poches frontales avec zip et ouvertures zipp\u00e9es sur les poignets, bande en pvc brillant avec le logo Tattini.<\/p>\n","protected":false},"featured_media":16615,"template":"","meta":[],"product_cat":[783,771],"product_tag":[],"_links":{"self":[{"href":"https:\/\/tattini.dotstage.net\/fr\/wp-json\/wp\/v2\/product\/23059"}],"collection":[{"href":"https:\/\/tattini.dotstage.net\/fr\/wp-json\/wp\/v2\/product"}],"about":[{"href":"https:\/\/tattini.dotstage.net\/fr\/wp-json\/wp\/v2\/types\/product"}],"version-history":[{"count":0,"href":"https:\/\/tattini.dotstage.net\/fr\/wp-json\/wp\/v2\/product\/23059\/revisions"}],"wp:featuredmedia":[{"embeddable":true,"href":"https:\/\/tattini.dotstage.net\/fr\/wp-json\/wp\/v2\/media\/16615"}],"wp:attachment":[{"href":"https:\/\/tattini.dotstage.net\/fr\/wp-json\/wp\/v2\/media?parent=23059"}],"wp:term":[{"taxonomy":"product_cat","embeddable":true,"href":"https:\/\/tattini.dotstage.net\/fr\/wp-json\/wp\/v2\/product_cat?post=23059"},{"taxonomy":"product_tag","embeddable":true,"href":"https:\/\/tattini.dotstage.net\/fr\/wp-json\/wp\/v2\/product_tag?post=23059"}],"curies":[{"name":"wp","href":"https:\/\/api.w.org\/{rel}","templated":true}]}}