{"id":23041,"date":"2023-10-31T10:42:44","date_gmt":"2023-10-31T10:42:44","guid":{"rendered":"https:\/\/tattini.dotstage.net\/prodotto\/pointes-de-diamant\/"},"modified":"2024-02-02T16:36:01","modified_gmt":"2024-02-02T16:36:01","slug":"pointes-de-diamants-bouchons-de-mortaise","status":"publish","type":"product","link":"https:\/\/tattini.dotstage.net\/fr\/produit\/pointes-de-diamants-bouchons-de-mortaise\/","title":{"rendered":"Pointes de diamants (bouchons de mortaise)"},"content":{"rendered":"","protected":false},"excerpt":{"rendered":"<p>50 pi\u00e8ces. Prix d&rsquo;achat \u00e0 l&rsquo;unit\u00e9, cde minimum 50 pieces<\/p>\n","protected":false},"featured_media":16882,"template":"","meta":[],"product_cat":[816,810],"product_tag":[],"_links":{"self":[{"href":"https:\/\/tattini.dotstage.net\/fr\/wp-json\/wp\/v2\/product\/23041"}],"collection":[{"href":"https:\/\/tattini.dotstage.net\/fr\/wp-json\/wp\/v2\/product"}],"about":[{"href":"https:\/\/tattini.dotstage.net\/fr\/wp-json\/wp\/v2\/types\/product"}],"version-history":[{"count":0,"href":"https:\/\/tattini.dotstage.net\/fr\/wp-json\/wp\/v2\/product\/23041\/revisions"}],"wp:featuredmedia":[{"embeddable":true,"href":"https:\/\/tattini.dotstage.net\/fr\/wp-json\/wp\/v2\/media\/16882"}],"wp:attachment":[{"href":"https:\/\/tattini.dotstage.net\/fr\/wp-json\/wp\/v2\/media?parent=23041"}],"wp:term":[{"taxonomy":"product_cat","embeddable":true,"href":"https:\/\/tattini.dotstage.net\/fr\/wp-json\/wp\/v2\/product_cat?post=23041"},{"taxonomy":"product_tag","embeddable":true,"href":"https:\/\/tattini.dotstage.net\/fr\/wp-json\/wp\/v2\/product_tag?post=23041"}],"curies":[{"name":"wp","href":"https:\/\/api.w.org\/{rel}","templated":true}]}}