{"id":23017,"date":"2023-10-31T10:42:45","date_gmt":"2023-10-31T10:42:45","guid":{"rendered":"https:\/\/tattini.dotstage.net\/prodotto\/rampone-4\/"},"modified":"2024-02-02T16:36:01","modified_gmt":"2024-02-02T16:36:01","slug":"crampon-2","status":"publish","type":"product","link":"https:\/\/tattini.dotstage.net\/fr\/produit\/crampon-2\/","title":{"rendered":"Crampon"},"content":{"rendered":"","protected":false},"excerpt":{"rendered":"<p>Carr\u00e9, filet\u00e9 20mm, pointe widia. 10 pi\u00e8ces. Prix d&rsquo;achat \u00e0 l&rsquo;unit\u00e9, minimum de cde 10 pi\u00e8ces<\/p>\n","protected":false},"featured_media":16894,"template":"","meta":[],"product_cat":[816,810],"product_tag":[],"_links":{"self":[{"href":"https:\/\/tattini.dotstage.net\/fr\/wp-json\/wp\/v2\/product\/23017"}],"collection":[{"href":"https:\/\/tattini.dotstage.net\/fr\/wp-json\/wp\/v2\/product"}],"about":[{"href":"https:\/\/tattini.dotstage.net\/fr\/wp-json\/wp\/v2\/types\/product"}],"version-history":[{"count":0,"href":"https:\/\/tattini.dotstage.net\/fr\/wp-json\/wp\/v2\/product\/23017\/revisions"}],"wp:featuredmedia":[{"embeddable":true,"href":"https:\/\/tattini.dotstage.net\/fr\/wp-json\/wp\/v2\/media\/16894"}],"wp:attachment":[{"href":"https:\/\/tattini.dotstage.net\/fr\/wp-json\/wp\/v2\/media?parent=23017"}],"wp:term":[{"taxonomy":"product_cat","embeddable":true,"href":"https:\/\/tattini.dotstage.net\/fr\/wp-json\/wp\/v2\/product_cat?post=23017"},{"taxonomy":"product_tag","embeddable":true,"href":"https:\/\/tattini.dotstage.net\/fr\/wp-json\/wp\/v2\/product_tag?post=23017"}],"curies":[{"name":"wp","href":"https:\/\/api.w.org\/{rel}","templated":true}]}}