{"id":23007,"date":"2023-10-31T10:43:47","date_gmt":"2023-10-31T10:43:47","guid":{"rendered":"https:\/\/tattini.dotstage.net\/prodotto\/flogestin-pearson-pommade-musculaire-gr-1500\/"},"modified":"2024-02-02T16:35:26","modified_gmt":"2024-02-02T16:35:26","slug":"flogestin-pearson-pommade-musculaire-gr-1500","status":"publish","type":"product","link":"https:\/\/tattini.dotstage.net\/fr\/produit\/flogestin-pearson-pommade-musculaire-gr-1500\/","title":{"rendered":"Flogestin Pearson pommade musculaire gr. 1500"},"content":{"rendered":"","protected":false},"excerpt":{"rendered":"<p>Pommade musculaire indiqu\u00e9e comme adjuvant dans le traitement de la pathologie traumatique chez les chevaux de sport en pr\u00e9sence d&rsquo;\u00e9d\u00e8mes, de traumatismes, de contusions, etc.<\/p>\n","protected":false},"featured_media":17236,"template":"","meta":[],"product_cat":[819,810],"product_tag":[],"_links":{"self":[{"href":"https:\/\/tattini.dotstage.net\/fr\/wp-json\/wp\/v2\/product\/23007"}],"collection":[{"href":"https:\/\/tattini.dotstage.net\/fr\/wp-json\/wp\/v2\/product"}],"about":[{"href":"https:\/\/tattini.dotstage.net\/fr\/wp-json\/wp\/v2\/types\/product"}],"version-history":[{"count":0,"href":"https:\/\/tattini.dotstage.net\/fr\/wp-json\/wp\/v2\/product\/23007\/revisions"}],"wp:featuredmedia":[{"embeddable":true,"href":"https:\/\/tattini.dotstage.net\/fr\/wp-json\/wp\/v2\/media\/17236"}],"wp:attachment":[{"href":"https:\/\/tattini.dotstage.net\/fr\/wp-json\/wp\/v2\/media?parent=23007"}],"wp:term":[{"taxonomy":"product_cat","embeddable":true,"href":"https:\/\/tattini.dotstage.net\/fr\/wp-json\/wp\/v2\/product_cat?post=23007"},{"taxonomy":"product_tag","embeddable":true,"href":"https:\/\/tattini.dotstage.net\/fr\/wp-json\/wp\/v2\/product_tag?post=23007"}],"curies":[{"name":"wp","href":"https:\/\/api.w.org\/{rel}","templated":true}]}}