{"id":22986,"date":"2023-10-31T10:41:47","date_gmt":"2023-10-31T10:41:47","guid":{"rendered":"https:\/\/tattini.dotstage.net\/prodotto\/polo-de-competition-pour-enfants-tattini\/"},"modified":"2024-02-02T16:36:15","modified_gmt":"2024-02-02T16:36:15","slug":"polo-de-competition-pour-enfants-tattini","status":"publish","type":"product","link":"https:\/\/tattini.dotstage.net\/fr\/produit\/polo-de-competition-pour-enfants-tattini\/","title":{"rendered":"Polo de concours enfants Tattini"},"content":{"rendered":"","protected":false},"excerpt":{"rendered":"<p>Polo en tissu piquet technique extensible, col boutonn\u00e9 avec boutons pression cach\u00e9s et fermeture boutonn\u00e9e avant. Coupe sportive avec passepoil ton sur ton sur la poitrine et les \u00e9paules. Personnalisation Tattini en silicone sur la manche gauche.<\/p>\n","protected":false},"featured_media":16627,"template":"","meta":[],"product_cat":[780,771],"product_tag":[],"_links":{"self":[{"href":"https:\/\/tattini.dotstage.net\/fr\/wp-json\/wp\/v2\/product\/22986"}],"collection":[{"href":"https:\/\/tattini.dotstage.net\/fr\/wp-json\/wp\/v2\/product"}],"about":[{"href":"https:\/\/tattini.dotstage.net\/fr\/wp-json\/wp\/v2\/types\/product"}],"version-history":[{"count":0,"href":"https:\/\/tattini.dotstage.net\/fr\/wp-json\/wp\/v2\/product\/22986\/revisions"}],"wp:featuredmedia":[{"embeddable":true,"href":"https:\/\/tattini.dotstage.net\/fr\/wp-json\/wp\/v2\/media\/16627"}],"wp:attachment":[{"href":"https:\/\/tattini.dotstage.net\/fr\/wp-json\/wp\/v2\/media?parent=22986"}],"wp:term":[{"taxonomy":"product_cat","embeddable":true,"href":"https:\/\/tattini.dotstage.net\/fr\/wp-json\/wp\/v2\/product_cat?post=22986"},{"taxonomy":"product_tag","embeddable":true,"href":"https:\/\/tattini.dotstage.net\/fr\/wp-json\/wp\/v2\/product_tag?post=22986"}],"curies":[{"name":"wp","href":"https:\/\/api.w.org\/{rel}","templated":true}]}}