{"id":22926,"date":"2023-10-31T10:41:48","date_gmt":"2023-10-31T10:41:48","guid":{"rendered":"https:\/\/tattini.dotstage.net\/prodotto\/genouilleres-tattini\/"},"modified":"2024-02-02T16:36:15","modified_gmt":"2024-02-02T16:36:15","slug":"guetres-ouvertes-tattini","status":"publish","type":"product","link":"https:\/\/tattini.dotstage.net\/fr\/produit\/guetres-ouvertes-tattini\/","title":{"rendered":"Gu\u00e8tres ouvertes Tattini"},"content":{"rendered":"","protected":false},"excerpt":{"rendered":"<p>Gr\u00e2ce \u00e0 la d\u00e9coupe anatomique en PU de leur coquille et \u00e0 leur doublure en n\u00e9opr\u00e8ne, elles garantissent une protection et un maintien extr\u00eames, tout en conservant une grande flexibilit\u00e9 pour la libert\u00e9 de mouvement du cheval. Deux velcros double-face mont\u00e9s sur \u00e9lastiques avec rabat garantissent une fermeture parfaite \u00e9liminant tout point de pression. Coloris: bleu ciel\/bleu (12) &#8211; noir (10) &#8211; blanc\/noir (01) &#8211; beige\/marron (02) &#8211; marron\/marron (04) &#8211; rouge\/noir (06) &#8211; bleu\/bleu ciel (09) &#8211; bleu ciel\/noir (14)<\/p>\n","protected":false},"featured_media":16633,"template":"","meta":[],"product_cat":[870,861],"product_tag":[],"_links":{"self":[{"href":"https:\/\/tattini.dotstage.net\/fr\/wp-json\/wp\/v2\/product\/22926"}],"collection":[{"href":"https:\/\/tattini.dotstage.net\/fr\/wp-json\/wp\/v2\/product"}],"about":[{"href":"https:\/\/tattini.dotstage.net\/fr\/wp-json\/wp\/v2\/types\/product"}],"version-history":[{"count":0,"href":"https:\/\/tattini.dotstage.net\/fr\/wp-json\/wp\/v2\/product\/22926\/revisions"}],"wp:featuredmedia":[{"embeddable":true,"href":"https:\/\/tattini.dotstage.net\/fr\/wp-json\/wp\/v2\/media\/16633"}],"wp:attachment":[{"href":"https:\/\/tattini.dotstage.net\/fr\/wp-json\/wp\/v2\/media?parent=22926"}],"wp:term":[{"taxonomy":"product_cat","embeddable":true,"href":"https:\/\/tattini.dotstage.net\/fr\/wp-json\/wp\/v2\/product_cat?post=22926"},{"taxonomy":"product_tag","embeddable":true,"href":"https:\/\/tattini.dotstage.net\/fr\/wp-json\/wp\/v2\/product_tag?post=22926"}],"curies":[{"name":"wp","href":"https:\/\/api.w.org\/{rel}","templated":true}]}}