{"id":22889,"date":"2023-10-31T10:42:46","date_gmt":"2023-10-31T10:42:46","guid":{"rendered":"https:\/\/tattini.dotstage.net\/prodotto\/rampone-2\/"},"modified":"2024-02-02T16:36:00","modified_gmt":"2024-02-02T16:36:00","slug":"crampons-obus-20mm-filetes","status":"publish","type":"product","link":"https:\/\/tattini.dotstage.net\/fr\/produit\/crampons-obus-20mm-filetes\/","title":{"rendered":"Crampons obus 20mm filet\u00e9s"},"content":{"rendered":"","protected":false},"excerpt":{"rendered":"<p>Hexagonal, filet\u00e9 20mm, pointe widia. 10 pi\u00e8ces. Prix d&rsquo;achat \u00e0 l&rsquo;unit\u00e9, minimum de cde 10 pi\u00e8ces<\/p>\n","protected":false},"featured_media":16897,"template":"","meta":[],"product_cat":[816,810],"product_tag":[],"_links":{"self":[{"href":"https:\/\/tattini.dotstage.net\/fr\/wp-json\/wp\/v2\/product\/22889"}],"collection":[{"href":"https:\/\/tattini.dotstage.net\/fr\/wp-json\/wp\/v2\/product"}],"about":[{"href":"https:\/\/tattini.dotstage.net\/fr\/wp-json\/wp\/v2\/types\/product"}],"version-history":[{"count":0,"href":"https:\/\/tattini.dotstage.net\/fr\/wp-json\/wp\/v2\/product\/22889\/revisions"}],"wp:featuredmedia":[{"embeddable":true,"href":"https:\/\/tattini.dotstage.net\/fr\/wp-json\/wp\/v2\/media\/16897"}],"wp:attachment":[{"href":"https:\/\/tattini.dotstage.net\/fr\/wp-json\/wp\/v2\/media?parent=22889"}],"wp:term":[{"taxonomy":"product_cat","embeddable":true,"href":"https:\/\/tattini.dotstage.net\/fr\/wp-json\/wp\/v2\/product_cat?post=22889"},{"taxonomy":"product_tag","embeddable":true,"href":"https:\/\/tattini.dotstage.net\/fr\/wp-json\/wp\/v2\/product_tag?post=22889"}],"curies":[{"name":"wp","href":"https:\/\/api.w.org\/{rel}","templated":true}]}}