{"id":22878,"date":"2023-10-31T10:41:48","date_gmt":"2023-10-31T10:41:48","guid":{"rendered":"https:\/\/tattini.dotstage.net\/prodotto\/genouilleres-professionnelles-tattini-avec-crochets\/"},"modified":"2024-02-02T16:36:15","modified_gmt":"2024-02-02T16:36:15","slug":"guetres-tattini-pro-avec-agrafes","status":"publish","type":"product","link":"https:\/\/tattini.dotstage.net\/fr\/produit\/guetres-tattini-pro-avec-agrafes\/","title":{"rendered":"Gu\u00eatres Tattini pro avec agrafes"},"content":{"rendered":"","protected":false},"excerpt":{"rendered":"<p>Coque antichoc semi-rigide doubl\u00e9e en n\u00e9opr\u00e8ne. Double fermeture par bandes \u00e9lastiques avec agrafes.<\/p>\n","protected":false},"featured_media":16630,"template":"","meta":[],"product_cat":[870,861],"product_tag":[],"_links":{"self":[{"href":"https:\/\/tattini.dotstage.net\/fr\/wp-json\/wp\/v2\/product\/22878"}],"collection":[{"href":"https:\/\/tattini.dotstage.net\/fr\/wp-json\/wp\/v2\/product"}],"about":[{"href":"https:\/\/tattini.dotstage.net\/fr\/wp-json\/wp\/v2\/types\/product"}],"version-history":[{"count":0,"href":"https:\/\/tattini.dotstage.net\/fr\/wp-json\/wp\/v2\/product\/22878\/revisions"}],"wp:featuredmedia":[{"embeddable":true,"href":"https:\/\/tattini.dotstage.net\/fr\/wp-json\/wp\/v2\/media\/16630"}],"wp:attachment":[{"href":"https:\/\/tattini.dotstage.net\/fr\/wp-json\/wp\/v2\/media?parent=22878"}],"wp:term":[{"taxonomy":"product_cat","embeddable":true,"href":"https:\/\/tattini.dotstage.net\/fr\/wp-json\/wp\/v2\/product_cat?post=22878"},{"taxonomy":"product_tag","embeddable":true,"href":"https:\/\/tattini.dotstage.net\/fr\/wp-json\/wp\/v2\/product_tag?post=22878"}],"curies":[{"name":"wp","href":"https:\/\/api.w.org\/{rel}","templated":true}]}}