{"id":22818,"date":"2023-10-31T10:41:50","date_gmt":"2023-10-31T10:41:50","guid":{"rendered":"https:\/\/tattini.dotstage.net\/prodotto\/protege-joints-tattini-de-haute-qualite\/"},"modified":"2024-02-02T16:36:15","modified_gmt":"2024-02-02T16:36:15","slug":"protege-boulets-tattini-hi-quality","status":"publish","type":"product","link":"https:\/\/tattini.dotstage.net\/fr\/produit\/protege-boulets-tattini-hi-quality\/","title":{"rendered":"Prot\u00e8ge-boulets Tattini hi-quality"},"content":{"rendered":"","protected":false},"excerpt":{"rendered":"<p>Coquille anatomique moul\u00e9e et galb\u00e9e pour une meilleure libert\u00e9 de mouvement et pour \u00e9viter toute blessure. Doubl\u00e9es n\u00e9opr\u00e8ne doux pour un maximum de confort, fermetures velcros double-face mont\u00e9s sur \u00e9lastique avec rabat de s\u00e9curit\u00e9.<\/p>\n","protected":false},"featured_media":16642,"template":"","meta":[],"product_cat":[870,861],"product_tag":[],"_links":{"self":[{"href":"https:\/\/tattini.dotstage.net\/fr\/wp-json\/wp\/v2\/product\/22818"}],"collection":[{"href":"https:\/\/tattini.dotstage.net\/fr\/wp-json\/wp\/v2\/product"}],"about":[{"href":"https:\/\/tattini.dotstage.net\/fr\/wp-json\/wp\/v2\/types\/product"}],"version-history":[{"count":0,"href":"https:\/\/tattini.dotstage.net\/fr\/wp-json\/wp\/v2\/product\/22818\/revisions"}],"wp:featuredmedia":[{"embeddable":true,"href":"https:\/\/tattini.dotstage.net\/fr\/wp-json\/wp\/v2\/media\/16642"}],"wp:attachment":[{"href":"https:\/\/tattini.dotstage.net\/fr\/wp-json\/wp\/v2\/media?parent=22818"}],"wp:term":[{"taxonomy":"product_cat","embeddable":true,"href":"https:\/\/tattini.dotstage.net\/fr\/wp-json\/wp\/v2\/product_cat?post=22818"},{"taxonomy":"product_tag","embeddable":true,"href":"https:\/\/tattini.dotstage.net\/fr\/wp-json\/wp\/v2\/product_tag?post=22818"}],"curies":[{"name":"wp","href":"https:\/\/api.w.org\/{rel}","templated":true}]}}