{"id":22746,"date":"2023-10-31T10:41:50","date_gmt":"2023-10-31T10:41:50","guid":{"rendered":"https:\/\/tattini.dotstage.net\/prodotto\/tattini-paranocche\/"},"modified":"2024-02-02T16:36:15","modified_gmt":"2024-02-02T16:36:15","slug":"protege-boulets-tattini","status":"publish","type":"product","link":"https:\/\/tattini.dotstage.net\/fr\/produit\/protege-boulets-tattini\/","title":{"rendered":"Prot\u00e8ge-boulets Tattini"},"content":{"rendered":"","protected":false},"excerpt":{"rendered":"<p>D\u00e9coupe anatomique de la coquille et doublure en n\u00e9opr\u00e8ne. Fermeture par velcro double-face mont\u00e9 sur \u00e9lastique. Coloris: bleu ciel\/bleu (12) &#8211; noir (10) &#8211; blanc\/noir (01) &#8211; beige\/ marron (02) &#8211; marron\/marron (04) &#8211; rouge\/noir (06) &#8211; bleu\/bleu ciel (09) &#8211; bleu ciel\/noir (14)<\/p>\n","protected":false},"featured_media":16639,"template":"","meta":[],"product_cat":[870,861],"product_tag":[],"_links":{"self":[{"href":"https:\/\/tattini.dotstage.net\/fr\/wp-json\/wp\/v2\/product\/22746"}],"collection":[{"href":"https:\/\/tattini.dotstage.net\/fr\/wp-json\/wp\/v2\/product"}],"about":[{"href":"https:\/\/tattini.dotstage.net\/fr\/wp-json\/wp\/v2\/types\/product"}],"version-history":[{"count":0,"href":"https:\/\/tattini.dotstage.net\/fr\/wp-json\/wp\/v2\/product\/22746\/revisions"}],"wp:featuredmedia":[{"embeddable":true,"href":"https:\/\/tattini.dotstage.net\/fr\/wp-json\/wp\/v2\/media\/16639"}],"wp:attachment":[{"href":"https:\/\/tattini.dotstage.net\/fr\/wp-json\/wp\/v2\/media?parent=22746"}],"wp:term":[{"taxonomy":"product_cat","embeddable":true,"href":"https:\/\/tattini.dotstage.net\/fr\/wp-json\/wp\/v2\/product_cat?post=22746"},{"taxonomy":"product_tag","embeddable":true,"href":"https:\/\/tattini.dotstage.net\/fr\/wp-json\/wp\/v2\/product_tag?post=22746"}],"curies":[{"name":"wp","href":"https:\/\/api.w.org\/{rel}","templated":true}]}}