{"id":22706,"date":"2023-10-31T10:43:25","date_gmt":"2023-10-31T10:43:25","guid":{"rendered":"https:\/\/tattini.dotstage.net\/prodotto\/grille-metallique\/"},"modified":"2024-02-02T16:35:30","modified_gmt":"2024-02-02T16:35:30","slug":"etrille-en-metal","status":"publish","type":"product","link":"https:\/\/tattini.dotstage.net\/fr\/produit\/etrille-en-metal\/","title":{"rendered":"\u00c9trille en metal"},"content":{"rendered":"","protected":false},"excerpt":{"rendered":"<p>En m\u00e9tal \u00e9maill\u00e9 ovale \u00e0 passant.<\/p>\n","protected":false},"featured_media":17104,"template":"","meta":[],"product_cat":[822,810],"product_tag":[],"_links":{"self":[{"href":"https:\/\/tattini.dotstage.net\/fr\/wp-json\/wp\/v2\/product\/22706"}],"collection":[{"href":"https:\/\/tattini.dotstage.net\/fr\/wp-json\/wp\/v2\/product"}],"about":[{"href":"https:\/\/tattini.dotstage.net\/fr\/wp-json\/wp\/v2\/types\/product"}],"version-history":[{"count":0,"href":"https:\/\/tattini.dotstage.net\/fr\/wp-json\/wp\/v2\/product\/22706\/revisions"}],"wp:featuredmedia":[{"embeddable":true,"href":"https:\/\/tattini.dotstage.net\/fr\/wp-json\/wp\/v2\/media\/17104"}],"wp:attachment":[{"href":"https:\/\/tattini.dotstage.net\/fr\/wp-json\/wp\/v2\/media?parent=22706"}],"wp:term":[{"taxonomy":"product_cat","embeddable":true,"href":"https:\/\/tattini.dotstage.net\/fr\/wp-json\/wp\/v2\/product_cat?post=22706"},{"taxonomy":"product_tag","embeddable":true,"href":"https:\/\/tattini.dotstage.net\/fr\/wp-json\/wp\/v2\/product_tag?post=22706"}],"curies":[{"name":"wp","href":"https:\/\/api.w.org\/{rel}","templated":true}]}}