{"id":22665,"date":"2023-10-31T10:42:53","date_gmt":"2023-10-31T10:42:53","guid":{"rendered":"https:\/\/tattini.dotstage.net\/prodotto\/bottes-de-confiance-daslo-gold\/"},"modified":"2024-02-02T16:35:59","modified_gmt":"2024-02-02T16:35:59","slug":"bottes-de-confiance-daslo-gold","status":"publish","type":"product","link":"https:\/\/tattini.dotstage.net\/fr\/produit\/bottes-de-confiance-daslo-gold\/","title":{"rendered":"Boots de paddock Dasl\u00f6 Gold \u00ab\u00a0Trusty\u00a0\u00bb"},"content":{"rendered":"","protected":false},"excerpt":{"rendered":"<p>Cuir pleine fleur avec pointe et talon renforc\u00e9s en mat\u00e9riau caoutchout\u00e9 r\u00e9sistant aux rayures. Doublure int\u00e9rieure avec membrane lamin\u00e9e imperm\u00e9able. Fermeture avant par zip YKK. Semelle int\u00e9rieure rembourr\u00e9e amovible, rembourrage de protection au niveau de la cheville. Bandes lat\u00e9rales r\u00e9fl\u00e9chissantes. Semelle antid\u00e9rapante super l\u00e9g\u00e8re et tr\u00e8s confortable. Couleur : marron (04) Taille : du 37 au 41<\/p>\n","protected":false},"featured_media":16933,"template":"","meta":[],"product_cat":[855,828],"product_tag":[],"_links":{"self":[{"href":"https:\/\/tattini.dotstage.net\/fr\/wp-json\/wp\/v2\/product\/22665"}],"collection":[{"href":"https:\/\/tattini.dotstage.net\/fr\/wp-json\/wp\/v2\/product"}],"about":[{"href":"https:\/\/tattini.dotstage.net\/fr\/wp-json\/wp\/v2\/types\/product"}],"version-history":[{"count":0,"href":"https:\/\/tattini.dotstage.net\/fr\/wp-json\/wp\/v2\/product\/22665\/revisions"}],"wp:featuredmedia":[{"embeddable":true,"href":"https:\/\/tattini.dotstage.net\/fr\/wp-json\/wp\/v2\/media\/16933"}],"wp:attachment":[{"href":"https:\/\/tattini.dotstage.net\/fr\/wp-json\/wp\/v2\/media?parent=22665"}],"wp:term":[{"taxonomy":"product_cat","embeddable":true,"href":"https:\/\/tattini.dotstage.net\/fr\/wp-json\/wp\/v2\/product_cat?post=22665"},{"taxonomy":"product_tag","embeddable":true,"href":"https:\/\/tattini.dotstage.net\/fr\/wp-json\/wp\/v2\/product_tag?post=22665"}],"curies":[{"name":"wp","href":"https:\/\/api.w.org\/{rel}","templated":true}]}}