{"id":22499,"date":"2023-10-31T10:41:52","date_gmt":"2023-10-31T10:41:52","guid":{"rendered":"https:\/\/tattini.dotstage.net\/prodotto\/pare-chocs-pour-le-transport-des-poneys\/"},"modified":"2024-02-02T16:36:14","modified_gmt":"2024-02-02T16:36:14","slug":"guetres-poney","status":"publish","type":"product","link":"https:\/\/tattini.dotstage.net\/fr\/produit\/guetres-poney\/","title":{"rendered":"Gu\u00eatres poney"},"content":{"rendered":"","protected":false},"excerpt":{"rendered":"<p>Gu\u00eatres de transport hautes. En nylon, doubl\u00e9es en polaire, 3 large fermetures velcro assurent la facilit\u00e9 d\u2019emploi, d\u00e9coupe en forme pour protection de la couronne du pied. Partie basse renforc\u00e9e en cuir synth\u00e9tique. Vendues par 4 pi\u00e8ces.<\/p>\n","protected":false},"featured_media":16648,"template":"","meta":[],"product_cat":[870,861],"product_tag":[],"_links":{"self":[{"href":"https:\/\/tattini.dotstage.net\/fr\/wp-json\/wp\/v2\/product\/22499"}],"collection":[{"href":"https:\/\/tattini.dotstage.net\/fr\/wp-json\/wp\/v2\/product"}],"about":[{"href":"https:\/\/tattini.dotstage.net\/fr\/wp-json\/wp\/v2\/types\/product"}],"version-history":[{"count":0,"href":"https:\/\/tattini.dotstage.net\/fr\/wp-json\/wp\/v2\/product\/22499\/revisions"}],"wp:featuredmedia":[{"embeddable":true,"href":"https:\/\/tattini.dotstage.net\/fr\/wp-json\/wp\/v2\/media\/16648"}],"wp:attachment":[{"href":"https:\/\/tattini.dotstage.net\/fr\/wp-json\/wp\/v2\/media?parent=22499"}],"wp:term":[{"taxonomy":"product_cat","embeddable":true,"href":"https:\/\/tattini.dotstage.net\/fr\/wp-json\/wp\/v2\/product_cat?post=22499"},{"taxonomy":"product_tag","embeddable":true,"href":"https:\/\/tattini.dotstage.net\/fr\/wp-json\/wp\/v2\/product_tag?post=22499"}],"curies":[{"name":"wp","href":"https:\/\/api.w.org\/{rel}","templated":true}]}}