{"id":22268,"date":"2023-10-31T10:43:00","date_gmt":"2023-10-31T10:43:00","guid":{"rendered":"https:\/\/tattini.dotstage.net\/prodotto\/bottes-akita\/"},"modified":"2024-02-02T16:35:58","modified_gmt":"2024-02-02T16:35:58","slug":"bottes-tattini-akita-sh-mollet-xs-s","status":"publish","type":"product","link":"https:\/\/tattini.dotstage.net\/fr\/produit\/bottes-tattini-akita-sh-mollet-xs-s\/","title":{"rendered":"BOTTES TATTINI AKITA SH MOLLET XS-S"},"content":{"rendered":"","protected":false},"excerpt":{"rendered":"<p>BOTTES TATTINI AKITA SH MOLLET XS-S cuir de veau pleine fleur fermeture avant avec lacets \u00e9lastiques et crochets ferm\u00e9s pour les lacets rabat interne en lycra \u00e9lastique pour un meilleur ajustement du mollet et ferm\u00e9 des deux c\u00f4t\u00e9s pour prot\u00e9ger des poussi\u00e8res, de la salet\u00e9 et de l\u2019eau design personnalisable avec bracelets interchangeables bande \u00e9lastique arri\u00e8re pour un ajustement sur mesure semelle interne anatomique plus \u00e9paisse, antibact\u00e9rienne et amovible semelle en caoutchouc avec syst\u00e8me antichoc lis\u00e9r\u00e9 couvre-zip int\u00e9gral doublure en cuir de veau micro-perfor\u00e9e syst\u00e8me de ventilation exclusif air boost zip ykk arri\u00e8re bout carr\u00e9<\/p>\n","protected":false},"featured_media":16936,"template":"","meta":[],"product_cat":[858,828],"product_tag":[],"_links":{"self":[{"href":"https:\/\/tattini.dotstage.net\/fr\/wp-json\/wp\/v2\/product\/22268"}],"collection":[{"href":"https:\/\/tattini.dotstage.net\/fr\/wp-json\/wp\/v2\/product"}],"about":[{"href":"https:\/\/tattini.dotstage.net\/fr\/wp-json\/wp\/v2\/types\/product"}],"version-history":[{"count":0,"href":"https:\/\/tattini.dotstage.net\/fr\/wp-json\/wp\/v2\/product\/22268\/revisions"}],"wp:featuredmedia":[{"embeddable":true,"href":"https:\/\/tattini.dotstage.net\/fr\/wp-json\/wp\/v2\/media\/16936"}],"wp:attachment":[{"href":"https:\/\/tattini.dotstage.net\/fr\/wp-json\/wp\/v2\/media?parent=22268"}],"wp:term":[{"taxonomy":"product_cat","embeddable":true,"href":"https:\/\/tattini.dotstage.net\/fr\/wp-json\/wp\/v2\/product_cat?post=22268"},{"taxonomy":"product_tag","embeddable":true,"href":"https:\/\/tattini.dotstage.net\/fr\/wp-json\/wp\/v2\/product_tag?post=22268"}],"curies":[{"name":"wp","href":"https:\/\/api.w.org\/{rel}","templated":true}]}}