{"id":22265,"date":"2023-10-31T10:41:53","date_gmt":"2023-10-31T10:41:53","guid":{"rendered":"https:\/\/tattini.dotstage.net\/prodotto\/pitbull\/"},"modified":"2024-02-02T16:36:14","modified_gmt":"2024-02-02T16:36:14","slug":"boots-sneakers-pitbull","status":"publish","type":"product","link":"https:\/\/tattini.dotstage.net\/fr\/produit\/boots-sneakers-pitbull\/","title":{"rendered":"Boots sneakers Pitbull"},"content":{"rendered":"","protected":false},"excerpt":{"rendered":"<p>En cuir souple et tissu technique avec semelle sneaker en caoutchouc cousue antid\u00e9rapant et durable. Avec semelle intercalaire interne, pourvues de lacets et de sangle avec fixation auto-agrippante \u00e0 la cheville. Confortables et \u00e0 la mode, avec d\u00e9tail de poche pour cacher les lacets. ID\u00c9ALES POUR MONTER, ELLES PEUVENT ETRE ASSORTIES AVEC TOUS TYPES DE MINI-CHAPS lacets \u00e9lastiques INTERCHANGEABLES pour un chaussage facile et rapide Lacets compris dans la bo\u00eete noirs et vert brillant<\/p>\n","protected":false},"featured_media":16657,"template":"","meta":[],"product_cat":[855,828],"product_tag":[],"_links":{"self":[{"href":"https:\/\/tattini.dotstage.net\/fr\/wp-json\/wp\/v2\/product\/22265"}],"collection":[{"href":"https:\/\/tattini.dotstage.net\/fr\/wp-json\/wp\/v2\/product"}],"about":[{"href":"https:\/\/tattini.dotstage.net\/fr\/wp-json\/wp\/v2\/types\/product"}],"version-history":[{"count":0,"href":"https:\/\/tattini.dotstage.net\/fr\/wp-json\/wp\/v2\/product\/22265\/revisions"}],"wp:featuredmedia":[{"embeddable":true,"href":"https:\/\/tattini.dotstage.net\/fr\/wp-json\/wp\/v2\/media\/16657"}],"wp:attachment":[{"href":"https:\/\/tattini.dotstage.net\/fr\/wp-json\/wp\/v2\/media?parent=22265"}],"wp:term":[{"taxonomy":"product_cat","embeddable":true,"href":"https:\/\/tattini.dotstage.net\/fr\/wp-json\/wp\/v2\/product_cat?post=22265"},{"taxonomy":"product_tag","embeddable":true,"href":"https:\/\/tattini.dotstage.net\/fr\/wp-json\/wp\/v2\/product_tag?post=22265"}],"curies":[{"name":"wp","href":"https:\/\/api.w.org\/{rel}","templated":true}]}}