{"id":22140,"date":"2023-10-31T10:43:54","date_gmt":"2023-10-31T10:43:54","guid":{"rendered":"https:\/\/tattini.dotstage.net\/prodotto\/black-heart-adf-pearson-ml-1000\/"},"modified":"2024-02-02T16:35:26","modified_gmt":"2024-02-02T16:35:26","slug":"black-heart-adf-pearson-ml-1000","status":"publish","type":"product","link":"https:\/\/tattini.dotstage.net\/fr\/produit\/black-heart-adf-pearson-ml-1000\/","title":{"rendered":"Black Heart ADF Pearson ml. 1000"},"content":{"rendered":"","protected":false},"excerpt":{"rendered":"<p>Graisse super gel ADF avec un c\u0153ur de goudron de pin v\u00e9g\u00e9tal. La seule et unique v\u00e9ritable graisse au goudron. Brevet\u00e9e.<\/p>\n","protected":false},"featured_media":17281,"template":"","meta":[],"product_cat":[819,810],"product_tag":[],"_links":{"self":[{"href":"https:\/\/tattini.dotstage.net\/fr\/wp-json\/wp\/v2\/product\/22140"}],"collection":[{"href":"https:\/\/tattini.dotstage.net\/fr\/wp-json\/wp\/v2\/product"}],"about":[{"href":"https:\/\/tattini.dotstage.net\/fr\/wp-json\/wp\/v2\/types\/product"}],"version-history":[{"count":0,"href":"https:\/\/tattini.dotstage.net\/fr\/wp-json\/wp\/v2\/product\/22140\/revisions"}],"wp:featuredmedia":[{"embeddable":true,"href":"https:\/\/tattini.dotstage.net\/fr\/wp-json\/wp\/v2\/media\/17281"}],"wp:attachment":[{"href":"https:\/\/tattini.dotstage.net\/fr\/wp-json\/wp\/v2\/media?parent=22140"}],"wp:term":[{"taxonomy":"product_cat","embeddable":true,"href":"https:\/\/tattini.dotstage.net\/fr\/wp-json\/wp\/v2\/product_cat?post=22140"},{"taxonomy":"product_tag","embeddable":true,"href":"https:\/\/tattini.dotstage.net\/fr\/wp-json\/wp\/v2\/product_tag?post=22140"}],"curies":[{"name":"wp","href":"https:\/\/api.w.org\/{rel}","templated":true}]}}