{"id":22075,"date":"2023-10-31T10:41:56","date_gmt":"2023-10-31T10:41:56","guid":{"rendered":"https:\/\/tattini.dotstage.net\/prodotto\/bottines-en-cuir-synthetique-garcon-daslo\/"},"modified":"2024-02-02T16:36:13","modified_gmt":"2024-02-02T16:36:13","slug":"boots-daslo-cuir-synthetique-enfant","status":"publish","type":"product","link":"https:\/\/tattini.dotstage.net\/fr\/produit\/boots-daslo-cuir-synthetique-enfant\/","title":{"rendered":"Boots Dasl\u00f6 cuir synthetique enfant"},"content":{"rendered":"","protected":false},"excerpt":{"rendered":"<p>En cuir synth\u00e9tique doubl\u00e9, elles offrent un excellent confort gr\u00e2ce \u00e0 la semelle int\u00e9rieure galb\u00e9e. La semelle en caoutchouc de ligne classique offre une excellente adh\u00e9rence antid\u00e9rapante.<\/p>\n","protected":false},"featured_media":16669,"template":"","meta":[],"product_cat":[855,828],"product_tag":[],"_links":{"self":[{"href":"https:\/\/tattini.dotstage.net\/fr\/wp-json\/wp\/v2\/product\/22075"}],"collection":[{"href":"https:\/\/tattini.dotstage.net\/fr\/wp-json\/wp\/v2\/product"}],"about":[{"href":"https:\/\/tattini.dotstage.net\/fr\/wp-json\/wp\/v2\/types\/product"}],"version-history":[{"count":0,"href":"https:\/\/tattini.dotstage.net\/fr\/wp-json\/wp\/v2\/product\/22075\/revisions"}],"wp:featuredmedia":[{"embeddable":true,"href":"https:\/\/tattini.dotstage.net\/fr\/wp-json\/wp\/v2\/media\/16669"}],"wp:attachment":[{"href":"https:\/\/tattini.dotstage.net\/fr\/wp-json\/wp\/v2\/media?parent=22075"}],"wp:term":[{"taxonomy":"product_cat","embeddable":true,"href":"https:\/\/tattini.dotstage.net\/fr\/wp-json\/wp\/v2\/product_cat?post=22075"},{"taxonomy":"product_tag","embeddable":true,"href":"https:\/\/tattini.dotstage.net\/fr\/wp-json\/wp\/v2\/product_tag?post=22075"}],"curies":[{"name":"wp","href":"https:\/\/api.w.org\/{rel}","templated":true}]}}