{"id":21980,"date":"2023-10-31T10:41:57","date_gmt":"2023-10-31T10:41:57","guid":{"rendered":"https:\/\/tattini.dotstage.net\/prodotto\/bottines-daslo-en-cuir-veritable\/"},"modified":"2024-02-02T16:36:13","modified_gmt":"2024-02-02T16:36:13","slug":"boots-daslo-cuir-nouveau-modele-adulte","status":"publish","type":"product","link":"https:\/\/tattini.dotstage.net\/fr\/produit\/boots-daslo-cuir-nouveau-modele-adulte\/","title":{"rendered":"Boots Dasl\u00f6 cuir nouveau modele adulte"},"content":{"rendered":"","protected":false},"excerpt":{"rendered":"<p>De veau doubl\u00e9, tr\u00e8s confortables gr\u00e2ce \u00e0 la semelle intercalaire amortissant. Equip\u00e9es d\u2019une nouvelle semelle antid\u00e9rapante en caoutchouc, moul\u00e9e sur les c\u00f4t\u00e9s, qui donne une adh\u00e9rence excellente. Ajustement parfait. Couleur: noir (10) &#8211; Taille: du 36 au 46 Couleur: marron (04) &#8211; Taille: du 36 au 45<\/p>\n","protected":false},"featured_media":16675,"template":"","meta":[],"product_cat":[855,828],"product_tag":[],"_links":{"self":[{"href":"https:\/\/tattini.dotstage.net\/fr\/wp-json\/wp\/v2\/product\/21980"}],"collection":[{"href":"https:\/\/tattini.dotstage.net\/fr\/wp-json\/wp\/v2\/product"}],"about":[{"href":"https:\/\/tattini.dotstage.net\/fr\/wp-json\/wp\/v2\/types\/product"}],"version-history":[{"count":0,"href":"https:\/\/tattini.dotstage.net\/fr\/wp-json\/wp\/v2\/product\/21980\/revisions"}],"wp:featuredmedia":[{"embeddable":true,"href":"https:\/\/tattini.dotstage.net\/fr\/wp-json\/wp\/v2\/media\/16675"}],"wp:attachment":[{"href":"https:\/\/tattini.dotstage.net\/fr\/wp-json\/wp\/v2\/media?parent=21980"}],"wp:term":[{"taxonomy":"product_cat","embeddable":true,"href":"https:\/\/tattini.dotstage.net\/fr\/wp-json\/wp\/v2\/product_cat?post=21980"},{"taxonomy":"product_tag","embeddable":true,"href":"https:\/\/tattini.dotstage.net\/fr\/wp-json\/wp\/v2\/product_tag?post=21980"}],"curies":[{"name":"wp","href":"https:\/\/api.w.org\/{rel}","templated":true}]}}