{"id":21888,"date":"2023-10-31T10:43:03","date_gmt":"2023-10-31T10:43:03","guid":{"rendered":"https:\/\/tattini.dotstage.net\/prodotto\/musara\/"},"modified":"2024-02-02T16:35:58","modified_gmt":"2024-02-02T16:35:58","slug":"musuliere","status":"publish","type":"product","link":"https:\/\/tattini.dotstage.net\/fr\/produit\/musuliere\/","title":{"rendered":"Musuli\u00e8re"},"content":{"rendered":"","protected":false},"excerpt":{"rendered":"<p>En plastique avec t\u00eati\u00e8re en nylon.<\/p>\n","protected":false},"featured_media":16981,"template":"","meta":[],"product_cat":[816,810],"product_tag":[],"_links":{"self":[{"href":"https:\/\/tattini.dotstage.net\/fr\/wp-json\/wp\/v2\/product\/21888"}],"collection":[{"href":"https:\/\/tattini.dotstage.net\/fr\/wp-json\/wp\/v2\/product"}],"about":[{"href":"https:\/\/tattini.dotstage.net\/fr\/wp-json\/wp\/v2\/types\/product"}],"version-history":[{"count":0,"href":"https:\/\/tattini.dotstage.net\/fr\/wp-json\/wp\/v2\/product\/21888\/revisions"}],"wp:featuredmedia":[{"embeddable":true,"href":"https:\/\/tattini.dotstage.net\/fr\/wp-json\/wp\/v2\/media\/16981"}],"wp:attachment":[{"href":"https:\/\/tattini.dotstage.net\/fr\/wp-json\/wp\/v2\/media?parent=21888"}],"wp:term":[{"taxonomy":"product_cat","embeddable":true,"href":"https:\/\/tattini.dotstage.net\/fr\/wp-json\/wp\/v2\/product_cat?post=21888"},{"taxonomy":"product_tag","embeddable":true,"href":"https:\/\/tattini.dotstage.net\/fr\/wp-json\/wp\/v2\/product_tag?post=21888"}],"curies":[{"name":"wp","href":"https:\/\/api.w.org\/{rel}","templated":true}]}}