{"id":21716,"date":"2023-10-31T10:44:30","date_gmt":"2023-10-31T10:44:30","guid":{"rendered":"https:\/\/tattini.dotstage.net\/prodotto\/biotine-pearson-75-jours-de-traitement-biotine-2-000-000-mcg\/"},"modified":"2024-02-02T16:34:59","modified_gmt":"2024-02-02T16:34:59","slug":"biotine-pearson-75-jours-de-traitement-biotine-2-000-000-mcg","status":"publish","type":"product","link":"https:\/\/tattini.dotstage.net\/fr\/produit\/biotine-pearson-75-jours-de-traitement-biotine-2-000-000-mcg\/","title":{"rendered":"Biotine Pearson. 75 jours de traitement. Biotine 2 000 000 mcg."},"content":{"rendered":"","protected":false},"excerpt":{"rendered":"<p>Biotin avec vitamines B1, B2, B6, B12, E. est une pr\u00e9paration de biotine pour renforcer la structure, r\u00e9parer les dommages caus\u00e9s aux sabots et maintenir le cheval en bonne sant\u00e9. Le tout conditionn\u00e9 dans des drag\u00e9es app\u00e9tissantes pour permettre une administration contr\u00f4l\u00e9e et sp\u00e9cifique. Dur\u00e9e du traitement : 75 jours (10 g par jour et par dose). Aliment compl\u00e9mentaire pour chevaux. Conditionnement : 750 g<\/p>\n","protected":false},"featured_media":17473,"template":"","meta":[],"product_cat":[813,810],"product_tag":[],"_links":{"self":[{"href":"https:\/\/tattini.dotstage.net\/fr\/wp-json\/wp\/v2\/product\/21716"}],"collection":[{"href":"https:\/\/tattini.dotstage.net\/fr\/wp-json\/wp\/v2\/product"}],"about":[{"href":"https:\/\/tattini.dotstage.net\/fr\/wp-json\/wp\/v2\/types\/product"}],"version-history":[{"count":0,"href":"https:\/\/tattini.dotstage.net\/fr\/wp-json\/wp\/v2\/product\/21716\/revisions"}],"wp:featuredmedia":[{"embeddable":true,"href":"https:\/\/tattini.dotstage.net\/fr\/wp-json\/wp\/v2\/media\/17473"}],"wp:attachment":[{"href":"https:\/\/tattini.dotstage.net\/fr\/wp-json\/wp\/v2\/media?parent=21716"}],"wp:term":[{"taxonomy":"product_cat","embeddable":true,"href":"https:\/\/tattini.dotstage.net\/fr\/wp-json\/wp\/v2\/product_cat?post=21716"},{"taxonomy":"product_tag","embeddable":true,"href":"https:\/\/tattini.dotstage.net\/fr\/wp-json\/wp\/v2\/product_tag?post=21716"}],"curies":[{"name":"wp","href":"https:\/\/api.w.org\/{rel}","templated":true}]}}