{"id":21666,"date":"2023-10-31T10:44:30","date_gmt":"2023-10-31T10:44:30","guid":{"rendered":"https:\/\/tattini.dotstage.net\/prodotto\/morceaux-de-pommes-ou-de-carottes-pearson-pearson-kg-1\/"},"modified":"2024-02-02T16:34:58","modified_gmt":"2024-02-02T16:34:58","slug":"bouchees-savoureuses-lekerli-pomme-ou-carotte","status":"publish","type":"product","link":"https:\/\/tattini.dotstage.net\/fr\/produit\/bouchees-savoureuses-lekerli-pomme-ou-carotte\/","title":{"rendered":"Bouch\u00e9es savoureuses Lekerli pomme ou carotte"},"content":{"rendered":"","protected":false},"excerpt":{"rendered":"<p>Les bouch\u00e9es savoureuses LEKERLI \u00e0 la carotte et \u00e0 la pomme sont recommand\u00e9es pour r\u00e9compenser le cheval pour ses performances, pour son engagement, son ob\u00e9issance et le plaisir qu&rsquo;il vous procure. R\u00e9compensez-le avec cette bouch\u00e9e saine et app\u00e9tissante faite d&rsquo;ingr\u00e9dients sains et naturels. Aliment compl\u00e9mentaire pour chevaux Conditionnement : 1kg<\/p>\n","protected":false},"featured_media":17470,"template":"","meta":[],"product_cat":[813,810],"product_tag":[],"_links":{"self":[{"href":"https:\/\/tattini.dotstage.net\/fr\/wp-json\/wp\/v2\/product\/21666"}],"collection":[{"href":"https:\/\/tattini.dotstage.net\/fr\/wp-json\/wp\/v2\/product"}],"about":[{"href":"https:\/\/tattini.dotstage.net\/fr\/wp-json\/wp\/v2\/types\/product"}],"version-history":[{"count":0,"href":"https:\/\/tattini.dotstage.net\/fr\/wp-json\/wp\/v2\/product\/21666\/revisions"}],"wp:featuredmedia":[{"embeddable":true,"href":"https:\/\/tattini.dotstage.net\/fr\/wp-json\/wp\/v2\/media\/17470"}],"wp:attachment":[{"href":"https:\/\/tattini.dotstage.net\/fr\/wp-json\/wp\/v2\/media?parent=21666"}],"wp:term":[{"taxonomy":"product_cat","embeddable":true,"href":"https:\/\/tattini.dotstage.net\/fr\/wp-json\/wp\/v2\/product_cat?post=21666"},{"taxonomy":"product_tag","embeddable":true,"href":"https:\/\/tattini.dotstage.net\/fr\/wp-json\/wp\/v2\/product_tag?post=21666"}],"curies":[{"name":"wp","href":"https:\/\/api.w.org\/{rel}","templated":true}]}}