{"id":21497,"date":"2023-10-31T10:44:49","date_gmt":"2023-10-31T10:44:49","guid":{"rendered":"https:\/\/tattini.dotstage.net\/prodotto\/porte-selle\/"},"modified":"2024-02-02T16:34:56","modified_gmt":"2024-02-02T16:34:56","slug":"porte-selle","status":"publish","type":"product","link":"https:\/\/tattini.dotstage.net\/fr\/produit\/porte-selle\/","title":{"rendered":"Porte-selle"},"content":{"rendered":"","protected":false},"excerpt":{"rendered":"<p>\u00c0 deux branches, mobile, \u00e0 suspendre \u00e0 la porte du box, du van, etc&#8230;<\/p>\n","protected":false},"featured_media":17563,"template":"","meta":[],"product_cat":[930,801],"product_tag":[],"_links":{"self":[{"href":"https:\/\/tattini.dotstage.net\/fr\/wp-json\/wp\/v2\/product\/21497"}],"collection":[{"href":"https:\/\/tattini.dotstage.net\/fr\/wp-json\/wp\/v2\/product"}],"about":[{"href":"https:\/\/tattini.dotstage.net\/fr\/wp-json\/wp\/v2\/types\/product"}],"version-history":[{"count":0,"href":"https:\/\/tattini.dotstage.net\/fr\/wp-json\/wp\/v2\/product\/21497\/revisions"}],"wp:featuredmedia":[{"embeddable":true,"href":"https:\/\/tattini.dotstage.net\/fr\/wp-json\/wp\/v2\/media\/17563"}],"wp:attachment":[{"href":"https:\/\/tattini.dotstage.net\/fr\/wp-json\/wp\/v2\/media?parent=21497"}],"wp:term":[{"taxonomy":"product_cat","embeddable":true,"href":"https:\/\/tattini.dotstage.net\/fr\/wp-json\/wp\/v2\/product_cat?post=21497"},{"taxonomy":"product_tag","embeddable":true,"href":"https:\/\/tattini.dotstage.net\/fr\/wp-json\/wp\/v2\/product_tag?post=21497"}],"curies":[{"name":"wp","href":"https:\/\/api.w.org\/{rel}","templated":true}]}}