{"id":21478,"date":"2023-10-31T10:44:19","date_gmt":"2023-10-31T10:44:19","guid":{"rendered":"https:\/\/tattini.dotstage.net\/prodotto\/gants-tattini-avec-filet-au-dos\/"},"modified":"2024-02-02T16:35:01","modified_gmt":"2024-02-02T16:35:01","slug":"gants-tattini-avec-filet-au-dos","status":"publish","type":"product","link":"https:\/\/tattini.dotstage.net\/fr\/produit\/gants-tattini-avec-filet-au-dos\/","title":{"rendered":"Gants Tattini avec filet au dos"},"content":{"rendered":"","protected":false},"excerpt":{"rendered":"<p>Fabriqu\u00e9es dans un mat\u00e9riau technique avec un dos en maille micro-perfor\u00e9e. Id\u00e9ales pour la saison chaude, elles offrent un maximum de confort et de contact avec les r\u00eanes. Fermeture velcro et renforts aux doigts.<\/p>\n","protected":false},"featured_media":17419,"template":"","meta":[],"product_cat":[828,843],"product_tag":[],"_links":{"self":[{"href":"https:\/\/tattini.dotstage.net\/fr\/wp-json\/wp\/v2\/product\/21478"}],"collection":[{"href":"https:\/\/tattini.dotstage.net\/fr\/wp-json\/wp\/v2\/product"}],"about":[{"href":"https:\/\/tattini.dotstage.net\/fr\/wp-json\/wp\/v2\/types\/product"}],"version-history":[{"count":0,"href":"https:\/\/tattini.dotstage.net\/fr\/wp-json\/wp\/v2\/product\/21478\/revisions"}],"wp:featuredmedia":[{"embeddable":true,"href":"https:\/\/tattini.dotstage.net\/fr\/wp-json\/wp\/v2\/media\/17419"}],"wp:attachment":[{"href":"https:\/\/tattini.dotstage.net\/fr\/wp-json\/wp\/v2\/media?parent=21478"}],"wp:term":[{"taxonomy":"product_cat","embeddable":true,"href":"https:\/\/tattini.dotstage.net\/fr\/wp-json\/wp\/v2\/product_cat?post=21478"},{"taxonomy":"product_tag","embeddable":true,"href":"https:\/\/tattini.dotstage.net\/fr\/wp-json\/wp\/v2\/product_tag?post=21478"}],"curies":[{"name":"wp","href":"https:\/\/api.w.org\/{rel}","templated":true}]}}