{"id":21443,"date":"2023-10-31T10:44:34","date_gmt":"2023-10-31T10:44:34","guid":{"rendered":"https:\/\/tattini.dotstage.net\/prodotto\/creux-de-pression\/"},"modified":"2024-02-02T16:34:58","modified_gmt":"2024-02-02T16:34:58","slug":"abrevoir-plastique-a-pression","status":"publish","type":"product","link":"https:\/\/tattini.dotstage.net\/fr\/produit\/abrevoir-plastique-a-pression\/","title":{"rendered":"Abrevoir plastique a pression"},"content":{"rendered":"","protected":false},"excerpt":{"rendered":"<p>En plastique tr\u00e8s r\u00e9sistante. Les composants int\u00e9rieures du syst\u00e8me d\u2019arrivage de l\u2019eau sont en laiton<\/p>\n","protected":false},"featured_media":17491,"template":"","meta":[],"product_cat":[789,930],"product_tag":[],"_links":{"self":[{"href":"https:\/\/tattini.dotstage.net\/fr\/wp-json\/wp\/v2\/product\/21443"}],"collection":[{"href":"https:\/\/tattini.dotstage.net\/fr\/wp-json\/wp\/v2\/product"}],"about":[{"href":"https:\/\/tattini.dotstage.net\/fr\/wp-json\/wp\/v2\/types\/product"}],"version-history":[{"count":0,"href":"https:\/\/tattini.dotstage.net\/fr\/wp-json\/wp\/v2\/product\/21443\/revisions"}],"wp:featuredmedia":[{"embeddable":true,"href":"https:\/\/tattini.dotstage.net\/fr\/wp-json\/wp\/v2\/media\/17491"}],"wp:attachment":[{"href":"https:\/\/tattini.dotstage.net\/fr\/wp-json\/wp\/v2\/media?parent=21443"}],"wp:term":[{"taxonomy":"product_cat","embeddable":true,"href":"https:\/\/tattini.dotstage.net\/fr\/wp-json\/wp\/v2\/product_cat?post=21443"},{"taxonomy":"product_tag","embeddable":true,"href":"https:\/\/tattini.dotstage.net\/fr\/wp-json\/wp\/v2\/product_tag?post=21443"}],"curies":[{"name":"wp","href":"https:\/\/api.w.org\/{rel}","templated":true}]}}