{"id":21428,"date":"2023-10-31T10:44:19","date_gmt":"2023-10-31T10:44:19","guid":{"rendered":"https:\/\/tattini.dotstage.net\/prodotto\/gants-en-cuir-synthetique-tattini\/"},"modified":"2024-02-02T16:35:01","modified_gmt":"2024-02-02T16:35:01","slug":"gants-tattini-en-cuir-synthetique","status":"publish","type":"product","link":"https:\/\/tattini.dotstage.net\/fr\/produit\/gants-tattini-en-cuir-synthetique\/","title":{"rendered":"Gants Tattini en cuir synth\u00e9tique"},"content":{"rendered":"","protected":false},"excerpt":{"rendered":"<p>En mat\u00e9riel technique avec micro-doublure. Tr\u00e8s souples, ils offrent un maximum de confort et de contact avec les r\u00eanes. Fermeture avec fixation auto-agrippante et renforcements pour les doigts.<\/p>\n","protected":false},"featured_media":17416,"template":"","meta":[],"product_cat":[828,843],"product_tag":[],"_links":{"self":[{"href":"https:\/\/tattini.dotstage.net\/fr\/wp-json\/wp\/v2\/product\/21428"}],"collection":[{"href":"https:\/\/tattini.dotstage.net\/fr\/wp-json\/wp\/v2\/product"}],"about":[{"href":"https:\/\/tattini.dotstage.net\/fr\/wp-json\/wp\/v2\/types\/product"}],"version-history":[{"count":0,"href":"https:\/\/tattini.dotstage.net\/fr\/wp-json\/wp\/v2\/product\/21428\/revisions"}],"wp:featuredmedia":[{"embeddable":true,"href":"https:\/\/tattini.dotstage.net\/fr\/wp-json\/wp\/v2\/media\/17416"}],"wp:attachment":[{"href":"https:\/\/tattini.dotstage.net\/fr\/wp-json\/wp\/v2\/media?parent=21428"}],"wp:term":[{"taxonomy":"product_cat","embeddable":true,"href":"https:\/\/tattini.dotstage.net\/fr\/wp-json\/wp\/v2\/product_cat?post=21428"},{"taxonomy":"product_tag","embeddable":true,"href":"https:\/\/tattini.dotstage.net\/fr\/wp-json\/wp\/v2\/product_tag?post=21428"}],"curies":[{"name":"wp","href":"https:\/\/api.w.org\/{rel}","templated":true}]}}